{"id":1010,"date":"2024-09-09T12:07:29","date_gmt":"2024-09-09T10:07:29","guid":{"rendered":"https:\/\/xicron.de\/de\/?page_id=1010"},"modified":"2025-03-16T18:56:08","modified_gmt":"2025-03-16T17:56:08","slug":"fue","status":"publish","type":"page","link":"https:\/\/xicron.de\/de\/fue\/","title":{"rendered":"F&amp;E"},"content":{"rendered":"\n<div class=\"wp-block-group is-vertical is-layout-flex wp-container-core-group-is-layout-fe9cc265 wp-block-group-is-layout-flex\">\n<h3 class=\"wp-block-heading has-primary-color has-text-color has-link-color wp-elements-e42cf15b44ac18ae6b9c0ec22c7321a0\"><strong>Entwicklung einer kosteneffizienten, automatisierten<\/strong> \u201c<strong>X-Ray Inspection Cloud electronic<\/strong>\u201d <strong>(Projekt 2020 FE 0051)<\/strong><\/h3>\n\n\n\n<figure class=\"wp-block-image size-full\"><img loading=\"lazy\" decoding=\"async\" width=\"1000\" height=\"87\" src=\"https:\/\/xicron.de\/de\/wp-content\/uploads\/2024\/09\/sponsor.png\" alt=\"\" class=\"wp-image-1008\" srcset=\"https:\/\/xicron.de\/de\/wp-content\/uploads\/2024\/09\/sponsor.png 1000w, https:\/\/xicron.de\/de\/wp-content\/uploads\/2024\/09\/sponsor-300x26.png 300w, https:\/\/xicron.de\/de\/wp-content\/uploads\/2024\/09\/sponsor-768x67.png 768w\" sizes=\"auto, (max-width: 1000px) 100vw, 1000px\" \/><\/figure>\n\n\n\n<p>Das vom Freistaat Th\u00fcringen gef\u00f6rtderte Vorhaben wurde durch Mittel der Europ\u00e4ischen Union im Rahmen des Europ\u00e4ischen Fonds f\u00fcr regionale Entwicklung (EFRE) kofinanziert.<\/p>\n\n\n\n<p><\/p>\n\n\n\n<h4 class=\"wp-block-heading has-primary-color has-text-color has-link-color wp-elements-5b2413dbc7e5041a7e6024a47761ce44\">Problemstellung:<\/h4>\n\n\n\n<p>Die Programmierung und Betreuung von R\u00f6ntgeninspektionsanlagen ben\u00f6tigt Expertenwissen und ist mit einem erheblichen personellen Aufwand verbunden.<br>Oft hat der Anwender nur die M\u00f6glichkeiten diesen Aufwand zu betreiben. Schnell \u00fcbersteigen die Betriebskosten die Anschaffungskosten einer R\u00f6ntgeninspektionsanlage.<br>Trotz dieses hohen personellen Aufwandes ist das Ergebnis vielfach nicht optimal. Besonders bei kleineren Fertigungslosen steht die Programmierung automatischer Inspektionsabl\u00e4ufe in keinem Verh\u00e4ltnis zum Ergebnis.<\/p>\n\n\n\n<h4 class=\"wp-block-heading has-primary-color has-text-color has-link-color wp-elements-d5f065aa747e610d928fca3c65013fe5\">Projektziel:<\/h4>\n\n\n\n<p>Eine komfortable L\u00f6sung bietet die X-Ray Inspection Cloud electronic. Dabei wird die Programmierung der Inspektionsabl\u00e4ufe durch den Cloud Service \u00fcbernommen. Auch die Pflege der Modellbibliothek sowie die Optimierung der Inspektionsalgorithmen erfordern keinen kundenseitigen Aufwand.<br>Die Inspektionsergebnisse stehen komfortabel \u00fcber ein WEB Frontend dem EMS-Fertiger in weiteren Prozessschritten zur Verf\u00fcgung. Auf Wunsch wird auch die Verifikation der Inspektionsergebnisse durch einen R\u00f6ntgenexperten als Service bereitgestellt.<\/p>\n<\/div>\n\n\n\n<p><\/p>\n","protected":false},"excerpt":{"rendered":"<p>Entwicklung einer kosteneffizienten, automatisierten \u201cX-Ray Inspection Cloud electronic\u201d (Projekt 2020 FE 0051) Das vom Freistaat Th\u00fcringen gef\u00f6rtderte Vorhaben wurde durch Mittel der Europ\u00e4ischen Union im Rahmen des Europ\u00e4ischen Fonds f\u00fcr regionale Entwicklung (EFRE) kofinanziert. Problemstellung: Die Programmierung und Betreuung von R\u00f6ntgeninspektionsanlagen ben\u00f6tigt Expertenwissen und ist mit einem erheblichen personellen Aufwand verbunden.Oft hat der Anwender nur [&hellip;]<\/p>\n","protected":false},"author":1,"featured_media":0,"parent":0,"menu_order":0,"comment_status":"closed","ping_status":"closed","template":"","meta":{"inline_featured_image":false,"footnotes":""},"class_list":["post-1010","page","type-page","status-publish","hentry"],"yoast_head":"<!-- This site is optimized with the Yoast SEO plugin v27.4 - https:\/\/yoast.com\/product\/yoast-seo-wordpress\/ -->\n<title>F&amp;E - xicron GmbH<\/title>\n<meta name=\"description\" content=\"Maschinenbau, R\u00f6ntgen, R\u00f6ntgeninspektion, F\u00fcllmengenkontrolle, Fremdk\u00f6rperdetektion, inline, Qualit\u00e4tskontrolle, L\u00f6tstellen, Konzeption, CAD, Elektroplanung, Software\" \/>\n<meta name=\"robots\" content=\"index, follow, max-snippet:-1, max-image-preview:large, max-video-preview:-1\" \/>\n<link rel=\"canonical\" href=\"https:\/\/xicron.de\/de\/fue\/\" \/>\n<meta property=\"og:locale\" content=\"de_DE\" \/>\n<meta property=\"og:type\" content=\"article\" \/>\n<meta property=\"og:title\" content=\"F&amp;E - xicron GmbH\" \/>\n<meta property=\"og:description\" content=\"Maschinenbau, R\u00f6ntgen, R\u00f6ntgeninspektion, F\u00fcllmengenkontrolle, Fremdk\u00f6rperdetektion, inline, Qualit\u00e4tskontrolle, L\u00f6tstellen, Konzeption, CAD, Elektroplanung, Software\" \/>\n<meta property=\"og:url\" content=\"https:\/\/xicron.de\/de\/fue\/\" \/>\n<meta property=\"og:site_name\" content=\"xicron GmbH\" \/>\n<meta property=\"article:modified_time\" content=\"2025-03-16T17:56:08+00:00\" \/>\n<meta property=\"og:image\" content=\"http:\/\/192.168.13.133\/wordpress\/wp-content\/uploads\/2024\/09\/sponsor.png\" \/>\n<meta name=\"twitter:card\" content=\"summary_large_image\" \/>\n<meta name=\"twitter:label1\" content=\"Gesch\u00e4tzte Lesezeit\" \/>\n\t<meta name=\"twitter:data1\" content=\"2\u00a0Minuten\" \/>\n<script type=\"application\/ld+json\" class=\"yoast-schema-graph\">{\"@context\":\"https:\\\/\\\/schema.org\",\"@graph\":[{\"@type\":\"WebPage\",\"@id\":\"https:\\\/\\\/xicron.de\\\/de\\\/fue\\\/\",\"url\":\"https:\\\/\\\/xicron.de\\\/de\\\/fue\\\/\",\"name\":\"F&amp;E - xicron GmbH\",\"isPartOf\":{\"@id\":\"https:\\\/\\\/xicron.de\\\/de\\\/#website\"},\"primaryImageOfPage\":{\"@id\":\"https:\\\/\\\/xicron.de\\\/de\\\/fue\\\/#primaryimage\"},\"image\":{\"@id\":\"https:\\\/\\\/xicron.de\\\/de\\\/fue\\\/#primaryimage\"},\"thumbnailUrl\":\"https:\\\/\\\/xicron.de\\\/de\\\/wp-content\\\/uploads\\\/2024\\\/09\\\/sponsor.png\",\"datePublished\":\"2024-09-09T10:07:29+00:00\",\"dateModified\":\"2025-03-16T17:56:08+00:00\",\"description\":\"Maschinenbau, R\u00f6ntgen, R\u00f6ntgeninspektion, F\u00fcllmengenkontrolle, Fremdk\u00f6rperdetektion, inline, Qualit\u00e4tskontrolle, L\u00f6tstellen, Konzeption, CAD, Elektroplanung, Software\",\"breadcrumb\":{\"@id\":\"https:\\\/\\\/xicron.de\\\/de\\\/fue\\\/#breadcrumb\"},\"inLanguage\":\"de\",\"potentialAction\":[{\"@type\":\"ReadAction\",\"target\":[\"https:\\\/\\\/xicron.de\\\/de\\\/fue\\\/\"]}]},{\"@type\":\"ImageObject\",\"inLanguage\":\"de\",\"@id\":\"https:\\\/\\\/xicron.de\\\/de\\\/fue\\\/#primaryimage\",\"url\":\"https:\\\/\\\/xicron.de\\\/de\\\/wp-content\\\/uploads\\\/2024\\\/09\\\/sponsor.png\",\"contentUrl\":\"https:\\\/\\\/xicron.de\\\/de\\\/wp-content\\\/uploads\\\/2024\\\/09\\\/sponsor.png\",\"width\":1000,\"height\":87},{\"@type\":\"BreadcrumbList\",\"@id\":\"https:\\\/\\\/xicron.de\\\/de\\\/fue\\\/#breadcrumb\",\"itemListElement\":[{\"@type\":\"ListItem\",\"position\":1,\"name\":\"Startseite\",\"item\":\"https:\\\/\\\/xicron.de\\\/de\\\/\"},{\"@type\":\"ListItem\",\"position\":2,\"name\":\"FuE\"}]},{\"@type\":\"WebSite\",\"@id\":\"https:\\\/\\\/xicron.de\\\/de\\\/#website\",\"url\":\"https:\\\/\\\/xicron.de\\\/de\\\/\",\"name\":\"Xicron GmbH\",\"description\":\"measure the hidden\",\"publisher\":{\"@id\":\"https:\\\/\\\/xicron.de\\\/de\\\/#organization\"},\"potentialAction\":[{\"@type\":\"SearchAction\",\"target\":{\"@type\":\"EntryPoint\",\"urlTemplate\":\"https:\\\/\\\/xicron.de\\\/de\\\/?s={search_term_string}\"},\"query-input\":{\"@type\":\"PropertyValueSpecification\",\"valueRequired\":true,\"valueName\":\"search_term_string\"}}],\"inLanguage\":\"de\"},{\"@type\":\"Organization\",\"@id\":\"https:\\\/\\\/xicron.de\\\/de\\\/#organization\",\"name\":\"Xicron GmbH\",\"url\":\"https:\\\/\\\/xicron.de\\\/de\\\/\",\"logo\":{\"@type\":\"ImageObject\",\"inLanguage\":\"de\",\"@id\":\"https:\\\/\\\/xicron.de\\\/de\\\/#\\\/schema\\\/logo\\\/image\\\/\",\"url\":\"https:\\\/\\\/xicron.de\\\/de\\\/wp-content\\\/uploads\\\/2024\\\/08\\\/Xicron.png\",\"contentUrl\":\"https:\\\/\\\/xicron.de\\\/de\\\/wp-content\\\/uploads\\\/2024\\\/08\\\/Xicron.png\",\"width\":1673,\"height\":780,\"caption\":\"Xicron GmbH\"},\"image\":{\"@id\":\"https:\\\/\\\/xicron.de\\\/de\\\/#\\\/schema\\\/logo\\\/image\\\/\"}}]}<\/script>\n<!-- \/ Yoast SEO plugin. -->","yoast_head_json":{"title":"F&amp;E - xicron GmbH","description":"Maschinenbau, R\u00f6ntgen, R\u00f6ntgeninspektion, F\u00fcllmengenkontrolle, Fremdk\u00f6rperdetektion, inline, Qualit\u00e4tskontrolle, L\u00f6tstellen, Konzeption, CAD, Elektroplanung, Software","robots":{"index":"index","follow":"follow","max-snippet":"max-snippet:-1","max-image-preview":"max-image-preview:large","max-video-preview":"max-video-preview:-1"},"canonical":"https:\/\/xicron.de\/de\/fue\/","og_locale":"de_DE","og_type":"article","og_title":"F&amp;E - xicron GmbH","og_description":"Maschinenbau, R\u00f6ntgen, R\u00f6ntgeninspektion, F\u00fcllmengenkontrolle, Fremdk\u00f6rperdetektion, inline, Qualit\u00e4tskontrolle, L\u00f6tstellen, Konzeption, CAD, Elektroplanung, Software","og_url":"https:\/\/xicron.de\/de\/fue\/","og_site_name":"xicron GmbH","article_modified_time":"2025-03-16T17:56:08+00:00","og_image":[{"url":"http:\/\/192.168.13.133\/wordpress\/wp-content\/uploads\/2024\/09\/sponsor.png","type":"","width":"","height":""}],"twitter_card":"summary_large_image","twitter_misc":{"Gesch\u00e4tzte Lesezeit":"2\u00a0Minuten"},"schema":{"@context":"https:\/\/schema.org","@graph":[{"@type":"WebPage","@id":"https:\/\/xicron.de\/de\/fue\/","url":"https:\/\/xicron.de\/de\/fue\/","name":"F&amp;E - xicron GmbH","isPartOf":{"@id":"https:\/\/xicron.de\/de\/#website"},"primaryImageOfPage":{"@id":"https:\/\/xicron.de\/de\/fue\/#primaryimage"},"image":{"@id":"https:\/\/xicron.de\/de\/fue\/#primaryimage"},"thumbnailUrl":"https:\/\/xicron.de\/de\/wp-content\/uploads\/2024\/09\/sponsor.png","datePublished":"2024-09-09T10:07:29+00:00","dateModified":"2025-03-16T17:56:08+00:00","description":"Maschinenbau, R\u00f6ntgen, R\u00f6ntgeninspektion, F\u00fcllmengenkontrolle, Fremdk\u00f6rperdetektion, inline, Qualit\u00e4tskontrolle, L\u00f6tstellen, Konzeption, CAD, Elektroplanung, Software","breadcrumb":{"@id":"https:\/\/xicron.de\/de\/fue\/#breadcrumb"},"inLanguage":"de","potentialAction":[{"@type":"ReadAction","target":["https:\/\/xicron.de\/de\/fue\/"]}]},{"@type":"ImageObject","inLanguage":"de","@id":"https:\/\/xicron.de\/de\/fue\/#primaryimage","url":"https:\/\/xicron.de\/de\/wp-content\/uploads\/2024\/09\/sponsor.png","contentUrl":"https:\/\/xicron.de\/de\/wp-content\/uploads\/2024\/09\/sponsor.png","width":1000,"height":87},{"@type":"BreadcrumbList","@id":"https:\/\/xicron.de\/de\/fue\/#breadcrumb","itemListElement":[{"@type":"ListItem","position":1,"name":"Startseite","item":"https:\/\/xicron.de\/de\/"},{"@type":"ListItem","position":2,"name":"FuE"}]},{"@type":"WebSite","@id":"https:\/\/xicron.de\/de\/#website","url":"https:\/\/xicron.de\/de\/","name":"Xicron GmbH","description":"measure the hidden","publisher":{"@id":"https:\/\/xicron.de\/de\/#organization"},"potentialAction":[{"@type":"SearchAction","target":{"@type":"EntryPoint","urlTemplate":"https:\/\/xicron.de\/de\/?s={search_term_string}"},"query-input":{"@type":"PropertyValueSpecification","valueRequired":true,"valueName":"search_term_string"}}],"inLanguage":"de"},{"@type":"Organization","@id":"https:\/\/xicron.de\/de\/#organization","name":"Xicron GmbH","url":"https:\/\/xicron.de\/de\/","logo":{"@type":"ImageObject","inLanguage":"de","@id":"https:\/\/xicron.de\/de\/#\/schema\/logo\/image\/","url":"https:\/\/xicron.de\/de\/wp-content\/uploads\/2024\/08\/Xicron.png","contentUrl":"https:\/\/xicron.de\/de\/wp-content\/uploads\/2024\/08\/Xicron.png","width":1673,"height":780,"caption":"Xicron GmbH"},"image":{"@id":"https:\/\/xicron.de\/de\/#\/schema\/logo\/image\/"}}]}},"_links":{"self":[{"href":"https:\/\/xicron.de\/de\/wp-json\/wp\/v2\/pages\/1010","targetHints":{"allow":["GET"]}}],"collection":[{"href":"https:\/\/xicron.de\/de\/wp-json\/wp\/v2\/pages"}],"about":[{"href":"https:\/\/xicron.de\/de\/wp-json\/wp\/v2\/types\/page"}],"author":[{"embeddable":true,"href":"https:\/\/xicron.de\/de\/wp-json\/wp\/v2\/users\/1"}],"replies":[{"embeddable":true,"href":"https:\/\/xicron.de\/de\/wp-json\/wp\/v2\/comments?post=1010"}],"version-history":[{"count":4,"href":"https:\/\/xicron.de\/de\/wp-json\/wp\/v2\/pages\/1010\/revisions"}],"predecessor-version":[{"id":2687,"href":"https:\/\/xicron.de\/de\/wp-json\/wp\/v2\/pages\/1010\/revisions\/2687"}],"wp:attachment":[{"href":"https:\/\/xicron.de\/de\/wp-json\/wp\/v2\/media?parent=1010"}],"curies":[{"name":"wp","href":"https:\/\/api.w.org\/{rel}","templated":true}]}}