{"id":2026,"date":"2025-02-10T15:57:01","date_gmt":"2025-02-10T14:57:01","guid":{"rendered":"https:\/\/xicron.de\/de\/?page_id=2026"},"modified":"2025-03-18T13:29:36","modified_gmt":"2025-03-18T12:29:36","slug":"spritzen-fuellung","status":"publish","type":"page","link":"https:\/\/xicron.de\/de\/spritzen-fuellung\/","title":{"rendered":"Spritzen F\u00fcllung"},"content":{"rendered":"\n<div class=\"wp-block-group alignfull has-quinary-background-color has-background has-global-padding is-layout-constrained wp-container-core-group-is-layout-46044f76 wp-block-group-is-layout-constrained\" style=\"padding-right:var(--wp--preset--spacing--xx-small);padding-left:var(--wp--preset--spacing--xx-small)\">\n<div class=\"wp-block-group pind-container has-background-background-color has-background is-vertical is-content-justification-center is-layout-flex wp-container-core-group-is-layout-ce155fab wp-block-group-is-layout-flex\" style=\"border-radius:10px\">\n<h2 class=\"wp-block-heading has-primary-color has-text-color has-link-color wp-elements-157e87f0ada6082f7a0343e1d81e7614\">Vertrauen und Sicherheit \u2013 xicron Spritzen<wbr>inspektion<\/h2>\n\n\n\n<div class=\"wp-block-columns are-vertically-aligned-center is-layout-flex wp-container-core-columns-is-layout-63579999 wp-block-columns-is-layout-flex\" style=\"border-style:none;border-width:0px;border-radius:0px;padding-top:var(--wp--preset--spacing--xx-small);padding-right:var(--wp--preset--spacing--xx-small);padding-bottom:var(--wp--preset--spacing--xx-small);padding-left:var(--wp--preset--spacing--xx-small)\">\n<div class=\"wp-block-column is-vertically-aligned-center is-layout-flow wp-block-column-is-layout-flow\" id=\"scroll-section\">\n<div class=\"wp-block-group first-container has-global-padding is-layout-constrained wp-block-group-is-layout-constrained\">\n<figure class=\"wp-block-image aligncenter size-large is-resized\"><img decoding=\"async\" src=\"https:\/\/xicron.de\/scrollup.svg\" alt=\"Computermaus die zum Scrollen animiert.\" style=\"aspect-ratio:1;width:60px\"\/><\/figure>\n<\/div>\n\n\n\n<p class=\"scroll-container\" style=\"margin-top:0;margin-right:0;margin-bottom:0;margin-left:0;padding-top:0;padding-bottom:0\">Die Qualit\u00e4tssicherung von Produkten in Spritzenverpackung erfordert h\u00f6chste Pr\u00e4zision, um Sicherheit und Wirksamkeit in der Anwendung zu gew\u00e4hrleisten. Mit den xicron Inspektionsl\u00f6sungen k\u00f6nnen Sie zuverl\u00e4ssig Montagefehler, F\u00fcllmengen, Fremdk\u00f6rper und Lufteinschl\u00fcsse kontrollieren \u2013 vollautomatisch und in Echtzeit.<\/p>\n\n\n\n<p class=\"scroll-container\">Auch unter schwierigsten Bedingungen &#8211; bereits versiegelt, in der Umverpackung, undurchsichtige F\u00fcllungen, undurchsichtige Spritzenk\u00f6rper \u2013 kein Problem. Unsere Systeme pr\u00fcfen entsprechend Ihrer Vorgaben die korrekte Montage aller Komponenten: Sitzt der Kolben pr\u00e4zise, ist der Spritzenk\u00f6rper intakt und der Verschluss sicher befestigt.<\/p>\n\n\n\n<p class=\"scroll-container\">So individuell wie Ihre Produkte sind die xicron R\u00f6ntgen Inspektionsl\u00f6sungen, passgenau auf Ihre Anforderungen in Ihre Produktionssysteme integriert. So werden in Echtzeit Produkte sicher und Prozesse effizienter. Als Messsystem erfassen die xicron R\u00f6ntgenl\u00f6sungen auch verdeckte Merkmale qualitativ und quantitativ und bilden die Basis f\u00fcr einen kurzen, geschlossenen Regelkreis f\u00fcr optimale Produktion, Dosierung und Montage.<\/p>\n\n\n\n<p class=\"scroll-container\">Auch im Inselbetrieb, au\u00dferhalb der Produktionslinie sichern die xicron R\u00f6ntgen Inspektionssysteme die Qualit\u00e4t anhand Ihrer Vorgaben. Sie entschieden, ob Ihr Focus dabei auf einer m\u00f6glichst hohen Flexibilit\u00e4t oder durchsatzoptimiert k\u00fcrzeste Taktzeiten bei automatischer Produktzuf\u00fchrung verlangt \u2013 fordern Sie uns, wir beraten Sie gern.<\/p>\n<\/div>\n\n\n\n<div class=\"wp-block-column is-vertically-aligned-center is-layout-flow wp-block-column-is-layout-flow\">\n<figure class=\"wp-block-video\"><video height=\"300\" style=\"aspect-ratio: 1000 \/ 300;\" width=\"1000\" autoplay src=\"https:\/\/xicron.de\/de\/wp-content\/uploads\/2025\/03\/Spritze.mp4\"><\/video><\/figure>\n<\/div>\n<\/div>\n<\/div>\n\n\n<script>document.addEventListener(\"DOMContentLoaded\", function(event){\r\n});\r\nconst start = window.innerHeight > 1000 ? \"top 110\" : \"center center\";\r\n\r\nconst coolVideo = document.querySelector(\"video\");\r\n\/\/coolVideo.removeAttribute(\"autoplay\");\r\ncoolVideo.currentTime = 0;\r\ncoolVideo.pause();\r\n\r\nvar tl = gsap.timeline({\r\n\tscrollTrigger: {\r\n\t\tscrub: true,\r\n\t\tpin: \".pind-container\",\r\n\t\tstart: start,\r\n\t\tend: \"500%\",\r\n\t\tmarkers: false\r\n\t},\r\n})\r\n\r\ntl.add('start');\r\n\r\ncoolVideo.onloadedmetadata = function () {\r\n  tl.to(\r\n    coolVideo,\r\n    { currentTime: coolVideo.duration, duration: () => tl.duration() },\r\n    'start'\r\n  );\r\n};\r\n\r\ntl.to('.scroll-container', {\r\n\t  autoAlpha: 1,\r\n\t  stagger: 0.2,\r\n\t  duration: 0.1,\r\n\t  }, 'start');<\/script>\n<\/div>\n","protected":false},"excerpt":{"rendered":"<p>Vertrauen und Sicherheit \u2013 xicron Spritzeninspektion Die Qualit\u00e4tssicherung von Produkten in Spritzenverpackung erfordert h\u00f6chste Pr\u00e4zision, um Sicherheit und Wirksamkeit in der Anwendung zu gew\u00e4hrleisten. Mit den xicron Inspektionsl\u00f6sungen k\u00f6nnen Sie zuverl\u00e4ssig Montagefehler, F\u00fcllmengen, Fremdk\u00f6rper und Lufteinschl\u00fcsse kontrollieren \u2013 vollautomatisch und in Echtzeit. Auch unter schwierigsten Bedingungen &#8211; bereits versiegelt, in der Umverpackung, undurchsichtige F\u00fcllungen, undurchsichtige [&hellip;]<\/p>\n","protected":false},"author":1,"featured_media":0,"parent":0,"menu_order":0,"comment_status":"closed","ping_status":"closed","template":"","meta":{"inline_featured_image":false,"footnotes":""},"class_list":["post-2026","page","type-page","status-publish","hentry"],"yoast_head":"<!-- This site is optimized with the Yoast SEO plugin v27.5 - https:\/\/yoast.com\/product\/yoast-seo-wordpress\/ -->\n<title>Spritzen F\u00fcllung - xicron GmbH<\/title>\n<meta name=\"description\" content=\"Maschinenbau, R\u00f6ntgen, R\u00f6ntgeninspektion, F\u00fcllmengenkontrolle, Fremdk\u00f6rperdetektion, inline, Qualit\u00e4tskontrolle, L\u00f6tstellen, Konzeption, CAD, Elektroplanung, Software\" \/>\n<meta name=\"robots\" content=\"index, follow, max-snippet:-1, max-image-preview:large, max-video-preview:-1\" \/>\n<link rel=\"canonical\" href=\"https:\/\/xicron.de\/de\/spritzen-fuellung\/\" \/>\n<meta property=\"og:locale\" content=\"de_DE\" \/>\n<meta property=\"og:type\" content=\"article\" \/>\n<meta property=\"og:title\" content=\"Spritzen F\u00fcllung - xicron GmbH\" \/>\n<meta property=\"og:description\" content=\"Maschinenbau, R\u00f6ntgen, R\u00f6ntgeninspektion, F\u00fcllmengenkontrolle, Fremdk\u00f6rperdetektion, inline, Qualit\u00e4tskontrolle, L\u00f6tstellen, Konzeption, CAD, Elektroplanung, Software\" \/>\n<meta property=\"og:url\" content=\"https:\/\/xicron.de\/de\/spritzen-fuellung\/\" \/>\n<meta property=\"og:site_name\" content=\"xicron GmbH\" \/>\n<meta property=\"article:modified_time\" content=\"2025-03-18T12:29:36+00:00\" \/>\n<meta name=\"twitter:card\" content=\"summary_large_image\" \/>\n<meta name=\"twitter:label1\" content=\"Gesch\u00e4tzte Lesezeit\" \/>\n\t<meta name=\"twitter:data1\" content=\"2\u00a0Minuten\" \/>\n<script type=\"application\/ld+json\" class=\"yoast-schema-graph\">{\"@context\":\"https:\\\/\\\/schema.org\",\"@graph\":[{\"@type\":\"WebPage\",\"@id\":\"https:\\\/\\\/xicron.de\\\/de\\\/spritzen-fuellung\\\/\",\"url\":\"https:\\\/\\\/xicron.de\\\/de\\\/spritzen-fuellung\\\/\",\"name\":\"Spritzen F\u00fcllung - xicron GmbH\",\"isPartOf\":{\"@id\":\"https:\\\/\\\/xicron.de\\\/de\\\/#website\"},\"datePublished\":\"2025-02-10T14:57:01+00:00\",\"dateModified\":\"2025-03-18T12:29:36+00:00\",\"description\":\"Maschinenbau, R\u00f6ntgen, R\u00f6ntgeninspektion, F\u00fcllmengenkontrolle, Fremdk\u00f6rperdetektion, inline, Qualit\u00e4tskontrolle, L\u00f6tstellen, Konzeption, CAD, Elektroplanung, Software\",\"breadcrumb\":{\"@id\":\"https:\\\/\\\/xicron.de\\\/de\\\/spritzen-fuellung\\\/#breadcrumb\"},\"inLanguage\":\"de\",\"potentialAction\":[{\"@type\":\"ReadAction\",\"target\":[\"https:\\\/\\\/xicron.de\\\/de\\\/spritzen-fuellung\\\/\"]}]},{\"@type\":\"BreadcrumbList\",\"@id\":\"https:\\\/\\\/xicron.de\\\/de\\\/spritzen-fuellung\\\/#breadcrumb\",\"itemListElement\":[{\"@type\":\"ListItem\",\"position\":1,\"name\":\"Startseite\",\"item\":\"https:\\\/\\\/xicron.de\\\/de\\\/\"},{\"@type\":\"ListItem\",\"position\":2,\"name\":\"Spritzen F\u00fcllung\"}]},{\"@type\":\"WebSite\",\"@id\":\"https:\\\/\\\/xicron.de\\\/de\\\/#website\",\"url\":\"https:\\\/\\\/xicron.de\\\/de\\\/\",\"name\":\"Xicron GmbH\",\"description\":\"measure the hidden\",\"publisher\":{\"@id\":\"https:\\\/\\\/xicron.de\\\/de\\\/#organization\"},\"potentialAction\":[{\"@type\":\"SearchAction\",\"target\":{\"@type\":\"EntryPoint\",\"urlTemplate\":\"https:\\\/\\\/xicron.de\\\/de\\\/?s={search_term_string}\"},\"query-input\":{\"@type\":\"PropertyValueSpecification\",\"valueRequired\":true,\"valueName\":\"search_term_string\"}}],\"inLanguage\":\"de\"},{\"@type\":\"Organization\",\"@id\":\"https:\\\/\\\/xicron.de\\\/de\\\/#organization\",\"name\":\"Xicron GmbH\",\"url\":\"https:\\\/\\\/xicron.de\\\/de\\\/\",\"logo\":{\"@type\":\"ImageObject\",\"inLanguage\":\"de\",\"@id\":\"https:\\\/\\\/xicron.de\\\/de\\\/#\\\/schema\\\/logo\\\/image\\\/\",\"url\":\"https:\\\/\\\/xicron.de\\\/de\\\/wp-content\\\/uploads\\\/2024\\\/08\\\/Xicron.png\",\"contentUrl\":\"https:\\\/\\\/xicron.de\\\/de\\\/wp-content\\\/uploads\\\/2024\\\/08\\\/Xicron.png\",\"width\":1673,\"height\":780,\"caption\":\"Xicron GmbH\"},\"image\":{\"@id\":\"https:\\\/\\\/xicron.de\\\/de\\\/#\\\/schema\\\/logo\\\/image\\\/\"}}]}<\/script>\n<!-- \/ Yoast SEO plugin. -->","yoast_head_json":{"title":"Spritzen F\u00fcllung - xicron GmbH","description":"Maschinenbau, R\u00f6ntgen, R\u00f6ntgeninspektion, F\u00fcllmengenkontrolle, Fremdk\u00f6rperdetektion, inline, Qualit\u00e4tskontrolle, L\u00f6tstellen, Konzeption, CAD, Elektroplanung, Software","robots":{"index":"index","follow":"follow","max-snippet":"max-snippet:-1","max-image-preview":"max-image-preview:large","max-video-preview":"max-video-preview:-1"},"canonical":"https:\/\/xicron.de\/de\/spritzen-fuellung\/","og_locale":"de_DE","og_type":"article","og_title":"Spritzen F\u00fcllung - xicron GmbH","og_description":"Maschinenbau, R\u00f6ntgen, R\u00f6ntgeninspektion, F\u00fcllmengenkontrolle, Fremdk\u00f6rperdetektion, inline, Qualit\u00e4tskontrolle, L\u00f6tstellen, Konzeption, CAD, Elektroplanung, Software","og_url":"https:\/\/xicron.de\/de\/spritzen-fuellung\/","og_site_name":"xicron GmbH","article_modified_time":"2025-03-18T12:29:36+00:00","twitter_card":"summary_large_image","twitter_misc":{"Gesch\u00e4tzte Lesezeit":"2\u00a0Minuten"},"schema":{"@context":"https:\/\/schema.org","@graph":[{"@type":"WebPage","@id":"https:\/\/xicron.de\/de\/spritzen-fuellung\/","url":"https:\/\/xicron.de\/de\/spritzen-fuellung\/","name":"Spritzen F\u00fcllung - xicron GmbH","isPartOf":{"@id":"https:\/\/xicron.de\/de\/#website"},"datePublished":"2025-02-10T14:57:01+00:00","dateModified":"2025-03-18T12:29:36+00:00","description":"Maschinenbau, R\u00f6ntgen, R\u00f6ntgeninspektion, F\u00fcllmengenkontrolle, Fremdk\u00f6rperdetektion, inline, Qualit\u00e4tskontrolle, L\u00f6tstellen, Konzeption, CAD, Elektroplanung, Software","breadcrumb":{"@id":"https:\/\/xicron.de\/de\/spritzen-fuellung\/#breadcrumb"},"inLanguage":"de","potentialAction":[{"@type":"ReadAction","target":["https:\/\/xicron.de\/de\/spritzen-fuellung\/"]}]},{"@type":"BreadcrumbList","@id":"https:\/\/xicron.de\/de\/spritzen-fuellung\/#breadcrumb","itemListElement":[{"@type":"ListItem","position":1,"name":"Startseite","item":"https:\/\/xicron.de\/de\/"},{"@type":"ListItem","position":2,"name":"Spritzen F\u00fcllung"}]},{"@type":"WebSite","@id":"https:\/\/xicron.de\/de\/#website","url":"https:\/\/xicron.de\/de\/","name":"Xicron GmbH","description":"measure the hidden","publisher":{"@id":"https:\/\/xicron.de\/de\/#organization"},"potentialAction":[{"@type":"SearchAction","target":{"@type":"EntryPoint","urlTemplate":"https:\/\/xicron.de\/de\/?s={search_term_string}"},"query-input":{"@type":"PropertyValueSpecification","valueRequired":true,"valueName":"search_term_string"}}],"inLanguage":"de"},{"@type":"Organization","@id":"https:\/\/xicron.de\/de\/#organization","name":"Xicron GmbH","url":"https:\/\/xicron.de\/de\/","logo":{"@type":"ImageObject","inLanguage":"de","@id":"https:\/\/xicron.de\/de\/#\/schema\/logo\/image\/","url":"https:\/\/xicron.de\/de\/wp-content\/uploads\/2024\/08\/Xicron.png","contentUrl":"https:\/\/xicron.de\/de\/wp-content\/uploads\/2024\/08\/Xicron.png","width":1673,"height":780,"caption":"Xicron GmbH"},"image":{"@id":"https:\/\/xicron.de\/de\/#\/schema\/logo\/image\/"}}]}},"_links":{"self":[{"href":"https:\/\/xicron.de\/de\/wp-json\/wp\/v2\/pages\/2026","targetHints":{"allow":["GET"]}}],"collection":[{"href":"https:\/\/xicron.de\/de\/wp-json\/wp\/v2\/pages"}],"about":[{"href":"https:\/\/xicron.de\/de\/wp-json\/wp\/v2\/types\/page"}],"author":[{"embeddable":true,"href":"https:\/\/xicron.de\/de\/wp-json\/wp\/v2\/users\/1"}],"replies":[{"embeddable":true,"href":"https:\/\/xicron.de\/de\/wp-json\/wp\/v2\/comments?post=2026"}],"version-history":[{"count":13,"href":"https:\/\/xicron.de\/de\/wp-json\/wp\/v2\/pages\/2026\/revisions"}],"predecessor-version":[{"id":2757,"href":"https:\/\/xicron.de\/de\/wp-json\/wp\/v2\/pages\/2026\/revisions\/2757"}],"wp:attachment":[{"href":"https:\/\/xicron.de\/de\/wp-json\/wp\/v2\/media?parent=2026"}],"curies":[{"name":"wp","href":"https:\/\/api.w.org\/{rel}","templated":true}]}}