{"id":33,"date":"2024-08-12T10:33:18","date_gmt":"2024-08-12T08:33:18","guid":{"rendered":"https:\/\/xicron.de\/de\/?page_id=33"},"modified":"2024-10-24T13:58:23","modified_gmt":"2024-10-24T11:58:23","slug":"impressum","status":"publish","type":"page","link":"https:\/\/xicron.de\/de\/impressum\/","title":{"rendered":"Impressum"},"content":{"rendered":"\n<p>Xicron GmbH<\/p>\n\n\n\n<p>Heyderstra\u00dfe 8<br>99099 Erfurt<\/p>\n\n\n\n<p>Telefon: +49 (0)361 430 408 60<br>Telefax: +49 (0)361 430 408 690<\/p>\n\n\n\n<p>Email: info@xicron.de<br>Internet: www.xicron.de<\/p>\n\n\n\n<p>Gesch\u00e4ftsf\u00fchrer: Jan Rimbach<\/p>\n\n\n\n<p>Handelsregister: Amtsgericht Jena, HRB 507415<br>Umsatzsteueridentifikationsnummer: DE 281099542<\/p>\n\n\n\n<h3 class=\"wp-block-heading\">Haftung f\u00fcr Links<\/h3>\n\n\n\n<p>Unser Angebot enth\u00e4lt Links zu externen Webseiten Dritter, auf deren Inhalte wir keinen Einfluss haben. Deshalb k\u00f6nnen wir f\u00fcr diese fremden Inhalte auch keine Gew\u00e4hr \u00fcbernehmen. F\u00fcr die Inhalte der verlinkten Seiten ist stets der jeweilige Anbieter oder Betreiber der Seiten verantwortlich. Die verlinkten Seiten wurden zum Zeitpunkt der Verlinkung auf m\u00f6gliche Rechtsverst\u00f6\u00dfe \u00fcberpr\u00fcft. Rechtswidrige Inhalte waren zum Zeitpunkt der Verlinkung nicht erkennbar. Eine permanente inhaltliche Kontrolle der verlinkten Seiten ist jedoch ohne konkrete Anhaltspunkte einer Rechtsverletzung nicht zumutbar. Bei Bekanntwerden von Rechtsverletzungen werden wir derartige Links umgehend entfernen.<\/p>\n\n\n\n<h3 class=\"wp-block-heading\">Urheberrecht<\/h3>\n\n\n\n<p>Die durch die Seitenbetreiber erstellten Inhalte und Werke auf diesen Seiten unterliegen dem deutschen Urheberrecht. Die Vervielf\u00e4ltigung, Bearbeitung, Verbreitung und jede Art der Verwertung au\u00dferhalb der Grenzen des Urheberrechtes bed\u00fcrfen der schriftlichen Zustimmung des jeweiligen Autors bzw. Erstellers. Downloads und Kopien dieser Seite sind nur f\u00fcr den privaten, nicht kommerziellen Gebrauch gestattet. Soweit die Inhalte auf dieser Seite nicht vom Betreiber erstellt wurden, werden die Urheberrechte Dritter beachtet. Insbesondere werden Inhalte Dritter als solche gekennzeichnet. Sollten Sie trotzdem auf eine Urheberrechtsverletzung aufmerksam werden, bitten wir um einen entsprechenden Hinweis. Bei Bekanntwerden von Rechtsverletzungen werden wir derartige Inhalte umgehend entfernen.<\/p>\n\n\n\n<p>Der Nutzung von im Rahmen der Impressumspflicht ver\u00f6ffentlichten Kontaktdaten durch Dritte zur \u00dcbersendung von nicht ausdr\u00fccklich angeforderter Werbung und Informationsmaterialien wird hiermit ausdr\u00fccklich widersprochen. Die Betreiber der Seiten behalten sich ausdr\u00fccklich rechtliche Schritte im Falle der unverlangten Zusendung von Werbeinformationen, etwa durch Spam-Mails, vor.<\/p>\n\n\n\n<p><\/p>\n","protected":false},"excerpt":{"rendered":"<p>Xicron GmbH Heyderstra\u00dfe 899099 Erfurt Telefon: +49 (0)361 430 408 60Telefax: +49 (0)361 430 408 690 Email: info@xicron.deInternet: www.xicron.de Gesch\u00e4ftsf\u00fchrer: Jan Rimbach Handelsregister: Amtsgericht Jena, HRB 507415Umsatzsteueridentifikationsnummer: DE 281099542 Haftung f\u00fcr Links Unser Angebot enth\u00e4lt Links zu externen Webseiten Dritter, auf deren Inhalte wir keinen Einfluss haben. Deshalb k\u00f6nnen wir f\u00fcr diese fremden Inhalte auch [&hellip;]<\/p>\n","protected":false},"author":1,"featured_media":0,"parent":0,"menu_order":0,"comment_status":"closed","ping_status":"closed","template":"","meta":{"inline_featured_image":false,"footnotes":""},"class_list":["post-33","page","type-page","status-publish","hentry"],"yoast_head":"<!-- This site is optimized with the Yoast SEO plugin v27.4 - https:\/\/yoast.com\/product\/yoast-seo-wordpress\/ -->\n<title>Impressum - xicron GmbH<\/title>\n<meta name=\"description\" content=\"Maschinenbau, R\u00f6ntgen, R\u00f6ntgeninspektion, F\u00fcllmengenkontrolle, Fremdk\u00f6rperdetektion, inline, Qualit\u00e4tskontrolle, L\u00f6tstellen, Konzeption, CAD, Elektroplanung, Software\" \/>\n<meta name=\"robots\" content=\"index, follow, max-snippet:-1, max-image-preview:large, max-video-preview:-1\" \/>\n<link rel=\"canonical\" href=\"https:\/\/xicron.de\/de\/impressum\/\" \/>\n<meta property=\"og:locale\" content=\"de_DE\" \/>\n<meta property=\"og:type\" content=\"article\" \/>\n<meta property=\"og:title\" content=\"Impressum - xicron GmbH\" \/>\n<meta property=\"og:description\" content=\"Maschinenbau, R\u00f6ntgen, R\u00f6ntgeninspektion, F\u00fcllmengenkontrolle, Fremdk\u00f6rperdetektion, inline, Qualit\u00e4tskontrolle, L\u00f6tstellen, Konzeption, CAD, Elektroplanung, Software\" \/>\n<meta property=\"og:url\" content=\"https:\/\/xicron.de\/de\/impressum\/\" \/>\n<meta property=\"og:site_name\" content=\"xicron GmbH\" \/>\n<meta property=\"article:modified_time\" content=\"2024-10-24T11:58:23+00:00\" \/>\n<meta name=\"twitter:card\" content=\"summary_large_image\" \/>\n<meta name=\"twitter:label1\" content=\"Gesch\u00e4tzte Lesezeit\" \/>\n\t<meta name=\"twitter:data1\" content=\"2\u00a0Minuten\" \/>\n<script type=\"application\/ld+json\" class=\"yoast-schema-graph\">{\"@context\":\"https:\\\/\\\/schema.org\",\"@graph\":[{\"@type\":\"WebPage\",\"@id\":\"https:\\\/\\\/xicron.de\\\/de\\\/impressum\\\/\",\"url\":\"https:\\\/\\\/xicron.de\\\/de\\\/impressum\\\/\",\"name\":\"Impressum - xicron GmbH\",\"isPartOf\":{\"@id\":\"https:\\\/\\\/xicron.de\\\/de\\\/#website\"},\"datePublished\":\"2024-08-12T08:33:18+00:00\",\"dateModified\":\"2024-10-24T11:58:23+00:00\",\"description\":\"Maschinenbau, R\u00f6ntgen, R\u00f6ntgeninspektion, F\u00fcllmengenkontrolle, Fremdk\u00f6rperdetektion, inline, Qualit\u00e4tskontrolle, L\u00f6tstellen, Konzeption, CAD, Elektroplanung, Software\",\"breadcrumb\":{\"@id\":\"https:\\\/\\\/xicron.de\\\/de\\\/impressum\\\/#breadcrumb\"},\"inLanguage\":\"de\",\"potentialAction\":[{\"@type\":\"ReadAction\",\"target\":[\"https:\\\/\\\/xicron.de\\\/de\\\/impressum\\\/\"]}]},{\"@type\":\"BreadcrumbList\",\"@id\":\"https:\\\/\\\/xicron.de\\\/de\\\/impressum\\\/#breadcrumb\",\"itemListElement\":[{\"@type\":\"ListItem\",\"position\":1,\"name\":\"Startseite\",\"item\":\"https:\\\/\\\/xicron.de\\\/de\\\/\"},{\"@type\":\"ListItem\",\"position\":2,\"name\":\"Impressum\"}]},{\"@type\":\"WebSite\",\"@id\":\"https:\\\/\\\/xicron.de\\\/de\\\/#website\",\"url\":\"https:\\\/\\\/xicron.de\\\/de\\\/\",\"name\":\"Xicron GmbH\",\"description\":\"measure the hidden\",\"publisher\":{\"@id\":\"https:\\\/\\\/xicron.de\\\/de\\\/#organization\"},\"potentialAction\":[{\"@type\":\"SearchAction\",\"target\":{\"@type\":\"EntryPoint\",\"urlTemplate\":\"https:\\\/\\\/xicron.de\\\/de\\\/?s={search_term_string}\"},\"query-input\":{\"@type\":\"PropertyValueSpecification\",\"valueRequired\":true,\"valueName\":\"search_term_string\"}}],\"inLanguage\":\"de\"},{\"@type\":\"Organization\",\"@id\":\"https:\\\/\\\/xicron.de\\\/de\\\/#organization\",\"name\":\"Xicron GmbH\",\"url\":\"https:\\\/\\\/xicron.de\\\/de\\\/\",\"logo\":{\"@type\":\"ImageObject\",\"inLanguage\":\"de\",\"@id\":\"https:\\\/\\\/xicron.de\\\/de\\\/#\\\/schema\\\/logo\\\/image\\\/\",\"url\":\"https:\\\/\\\/xicron.de\\\/de\\\/wp-content\\\/uploads\\\/2024\\\/08\\\/Xicron.png\",\"contentUrl\":\"https:\\\/\\\/xicron.de\\\/de\\\/wp-content\\\/uploads\\\/2024\\\/08\\\/Xicron.png\",\"width\":1673,\"height\":780,\"caption\":\"Xicron GmbH\"},\"image\":{\"@id\":\"https:\\\/\\\/xicron.de\\\/de\\\/#\\\/schema\\\/logo\\\/image\\\/\"}}]}<\/script>\n<!-- \/ Yoast SEO plugin. -->","yoast_head_json":{"title":"Impressum - xicron GmbH","description":"Maschinenbau, R\u00f6ntgen, R\u00f6ntgeninspektion, F\u00fcllmengenkontrolle, Fremdk\u00f6rperdetektion, inline, Qualit\u00e4tskontrolle, L\u00f6tstellen, Konzeption, CAD, Elektroplanung, Software","robots":{"index":"index","follow":"follow","max-snippet":"max-snippet:-1","max-image-preview":"max-image-preview:large","max-video-preview":"max-video-preview:-1"},"canonical":"https:\/\/xicron.de\/de\/impressum\/","og_locale":"de_DE","og_type":"article","og_title":"Impressum - xicron GmbH","og_description":"Maschinenbau, R\u00f6ntgen, R\u00f6ntgeninspektion, F\u00fcllmengenkontrolle, Fremdk\u00f6rperdetektion, inline, Qualit\u00e4tskontrolle, L\u00f6tstellen, Konzeption, CAD, Elektroplanung, Software","og_url":"https:\/\/xicron.de\/de\/impressum\/","og_site_name":"xicron GmbH","article_modified_time":"2024-10-24T11:58:23+00:00","twitter_card":"summary_large_image","twitter_misc":{"Gesch\u00e4tzte Lesezeit":"2\u00a0Minuten"},"schema":{"@context":"https:\/\/schema.org","@graph":[{"@type":"WebPage","@id":"https:\/\/xicron.de\/de\/impressum\/","url":"https:\/\/xicron.de\/de\/impressum\/","name":"Impressum - xicron GmbH","isPartOf":{"@id":"https:\/\/xicron.de\/de\/#website"},"datePublished":"2024-08-12T08:33:18+00:00","dateModified":"2024-10-24T11:58:23+00:00","description":"Maschinenbau, R\u00f6ntgen, R\u00f6ntgeninspektion, F\u00fcllmengenkontrolle, Fremdk\u00f6rperdetektion, inline, Qualit\u00e4tskontrolle, L\u00f6tstellen, Konzeption, CAD, Elektroplanung, Software","breadcrumb":{"@id":"https:\/\/xicron.de\/de\/impressum\/#breadcrumb"},"inLanguage":"de","potentialAction":[{"@type":"ReadAction","target":["https:\/\/xicron.de\/de\/impressum\/"]}]},{"@type":"BreadcrumbList","@id":"https:\/\/xicron.de\/de\/impressum\/#breadcrumb","itemListElement":[{"@type":"ListItem","position":1,"name":"Startseite","item":"https:\/\/xicron.de\/de\/"},{"@type":"ListItem","position":2,"name":"Impressum"}]},{"@type":"WebSite","@id":"https:\/\/xicron.de\/de\/#website","url":"https:\/\/xicron.de\/de\/","name":"Xicron GmbH","description":"measure the hidden","publisher":{"@id":"https:\/\/xicron.de\/de\/#organization"},"potentialAction":[{"@type":"SearchAction","target":{"@type":"EntryPoint","urlTemplate":"https:\/\/xicron.de\/de\/?s={search_term_string}"},"query-input":{"@type":"PropertyValueSpecification","valueRequired":true,"valueName":"search_term_string"}}],"inLanguage":"de"},{"@type":"Organization","@id":"https:\/\/xicron.de\/de\/#organization","name":"Xicron GmbH","url":"https:\/\/xicron.de\/de\/","logo":{"@type":"ImageObject","inLanguage":"de","@id":"https:\/\/xicron.de\/de\/#\/schema\/logo\/image\/","url":"https:\/\/xicron.de\/de\/wp-content\/uploads\/2024\/08\/Xicron.png","contentUrl":"https:\/\/xicron.de\/de\/wp-content\/uploads\/2024\/08\/Xicron.png","width":1673,"height":780,"caption":"Xicron GmbH"},"image":{"@id":"https:\/\/xicron.de\/de\/#\/schema\/logo\/image\/"}}]}},"_links":{"self":[{"href":"https:\/\/xicron.de\/de\/wp-json\/wp\/v2\/pages\/33","targetHints":{"allow":["GET"]}}],"collection":[{"href":"https:\/\/xicron.de\/de\/wp-json\/wp\/v2\/pages"}],"about":[{"href":"https:\/\/xicron.de\/de\/wp-json\/wp\/v2\/types\/page"}],"author":[{"embeddable":true,"href":"https:\/\/xicron.de\/de\/wp-json\/wp\/v2\/users\/1"}],"replies":[{"embeddable":true,"href":"https:\/\/xicron.de\/de\/wp-json\/wp\/v2\/comments?post=33"}],"version-history":[{"count":4,"href":"https:\/\/xicron.de\/de\/wp-json\/wp\/v2\/pages\/33\/revisions"}],"predecessor-version":[{"id":1146,"href":"https:\/\/xicron.de\/de\/wp-json\/wp\/v2\/pages\/33\/revisions\/1146"}],"wp:attachment":[{"href":"https:\/\/xicron.de\/de\/wp-json\/wp\/v2\/media?parent=33"}],"curies":[{"name":"wp","href":"https:\/\/api.w.org\/{rel}","templated":true}]}}