{"id":82,"date":"2024-08-12T14:21:44","date_gmt":"2024-08-12T12:21:44","guid":{"rendered":"https:\/\/xicron.de\/de\/?page_id=82"},"modified":"2025-03-18T13:28:33","modified_gmt":"2025-03-18T12:28:33","slug":"jobs","status":"publish","type":"page","link":"https:\/\/xicron.de\/de\/jobs\/","title":{"rendered":"Jobs"},"content":{"rendered":"\n<div class=\"wp-block-group is-vertical is-content-justification-stretch is-layout-flex wp-container-core-group-is-layout-341e335c wp-block-group-is-layout-flex\" style=\"margin-top:0;margin-bottom:0\">\n<div class=\"wp-block-group has-quinary-background-color has-background has-global-padding is-layout-constrained wp-container-core-group-is-layout-ab34b002 wp-block-group-is-layout-constrained\" style=\"border-style:none;border-width:0px;border-radius:10px;margin-top:0;margin-bottom:0;padding-top:var(--wp--preset--spacing--large);padding-right:var(--wp--preset--spacing--large);padding-bottom:var(--wp--preset--spacing--large);padding-left:var(--wp--preset--spacing--large)\">\n<details class=\"wp-block-details has-base-color has-text-color has-link-color wp-elements-52bc6f3d4a3cd61f8b97b8e9a335c449 is-layout-flow wp-block-details-is-layout-flow\"><summary>Softwareentwickler<\/summary>\n<div class=\"wp-block-group is-vertical is-layout-flex wp-container-core-group-is-layout-fe9cc265 wp-block-group-is-layout-flex\">\n<p class=\"has-base-color has-text-color has-link-color wp-elements-55f8e38af00eeff8e4d34745502e3946\">Wir suchen am Standort Erfurt, Th\u00fcringen<br>Softwareentwickler, Informatiker (Ausbildung, Studium, Quereinstieg)<br>in Vollzeit oder Teilzeit<\/p>\n\n\n\n<h3 class=\"wp-block-heading has-primary-color has-text-color has-link-color wp-elements-5805e4a284aacdbf0495b60810877155\">Gew\u00fcnschte Qualifikationen<\/h3>\n\n\n\n<p class=\"has-base-color has-text-color has-link-color wp-elements-0e69ae51e9ff21527caa61593e259ca4\">Wir suchen kreative K\u00f6pfe mit Leidenschaft und Verantwortungsbewu\u00dftsein. Interdisziplin\u00e4res, analytisches Denken, Neugier und vor allem Ausdauer zeichnen dich aus.<\/p>\n\n\n\n<p class=\"has-base-color has-text-color has-link-color wp-elements-26e38f84501534d8a94bf0b3c4996314\">W\u00fcnschenswert sind qualifizierte praktische Erfahrungen und ein anwendbares Englisch.<\/p>\n\n\n\n<h4 class=\"wp-block-heading has-primary-color has-text-color has-link-color wp-elements-4848a2976ef2f02162fa66d9557e15f6\">Einstiegsm\u00f6glichkeiten<\/h4>\n\n\n\n<p class=\"has-base-color has-text-color has-link-color wp-elements-3e3a9dc6475b77921997633bb89f9520\">Direkteinstieg, Praktikum, duales Studium<\/p>\n<\/div>\n<\/details>\n<\/div>\n\n\n\n<div class=\"wp-block-group has-quinary-background-color has-background has-global-padding is-layout-constrained wp-container-core-group-is-layout-ab34b002 wp-block-group-is-layout-constrained\" style=\"border-style:none;border-width:0px;border-radius:10px;margin-top:0;margin-bottom:0;padding-top:var(--wp--preset--spacing--large);padding-right:var(--wp--preset--spacing--large);padding-bottom:var(--wp--preset--spacing--large);padding-left:var(--wp--preset--spacing--large)\">\n<details class=\"wp-block-details has-base-color has-text-color has-link-color wp-elements-4abe799d49e7ce13cc90111bfaf9f828 is-layout-flow wp-block-details-is-layout-flow\"><summary>Technische Projektassistenz<\/summary>\n<div class=\"wp-block-group is-vertical is-layout-flex wp-container-core-group-is-layout-fe9cc265 wp-block-group-is-layout-flex\">\n<h3 class=\"wp-block-heading has-primary-color has-text-color has-link-color wp-elements-f91b5c7cbe587271b0670ee0d5104327\">Ihre Aufgaben<\/h3>\n\n\n\n<p class=\"has-base-color has-text-color has-link-color wp-elements-b8007ce4d67e13940c71cf7a8efa0d6b\">Sie unterst\u00fctzen Gesch\u00e4ftsf\u00fchrung und Projektleitung \u2026<\/p>\n\n\n\n<ul class=\"wp-block-list\">\n<li>Erstellen technischer Dokumentation (z.B. Bedienungs- und Wartungs-Anleitungen)<\/li>\n\n\n\n<li>Einkauf, Wareneingang<\/li>\n\n\n\n<li>Vertrieb und Versand<\/li>\n\n\n\n<li>Verwaltung<\/li>\n<\/ul>\n\n\n\n<h3 class=\"wp-block-heading has-primary-color has-text-color has-link-color wp-elements-58f05bde1f93ff399f385a675de2a500\">Ihre F\u00e4higkeiten<\/h3>\n\n\n\n<ul class=\"wp-block-list\">\n<li>Sie sind kommunikativ und arbeiten gerne mit Kunden, Kollegen und Lieferanten zusammen<\/li>\n\n\n\n<li>\u2026 beherrschen technisches Englisch<\/li>\n\n\n\n<li>\u2026 verf\u00fcgen \u00fcber gute Kenntnisse in MS Office (Word, Excel, Powerpoint)<\/li>\n\n\n\n<li>\u2026 k\u00f6nnen technische Zeichnungen lesen<\/li>\n\n\n\n<li>\u2026 sind flexibel und arbeiten sich schnell in neue Aufgaben ein<\/li>\n\n\n\n<li>\u2026 haben einen F\u00fchrerschein (Klasse B)<\/li>\n<\/ul>\n<\/div>\n<\/details>\n<\/div>\n\n\n\n<div class=\"wp-block-group has-quinary-background-color has-background has-global-padding is-layout-constrained wp-container-core-group-is-layout-ab34b002 wp-block-group-is-layout-constrained\" style=\"border-style:none;border-width:0px;border-radius:10px;margin-top:0;margin-bottom:0;padding-top:var(--wp--preset--spacing--large);padding-right:var(--wp--preset--spacing--large);padding-bottom:var(--wp--preset--spacing--large);padding-left:var(--wp--preset--spacing--large)\">\n\n<div class=\"wpcf7 no-js\" id=\"wpcf7-f104-o1\" lang=\"de-DE\" dir=\"ltr\" data-wpcf7-id=\"104\">\n<div class=\"screen-reader-response\"><p role=\"status\" aria-live=\"polite\" aria-atomic=\"true\"><\/p> <ul><\/ul><\/div>\n<form action=\"\/de\/wp-json\/wp\/v2\/pages\/82#wpcf7-f104-o1\" method=\"post\" class=\"wpcf7-form init\" aria-label=\"Kontaktformular\" novalidate=\"novalidate\" data-status=\"init\">\n<fieldset class=\"hidden-fields-container\"><input type=\"hidden\" name=\"_wpcf7\" value=\"104\" \/><input type=\"hidden\" name=\"_wpcf7_version\" value=\"6.1.5\" \/><input type=\"hidden\" name=\"_wpcf7_locale\" value=\"de_DE\" \/><input type=\"hidden\" name=\"_wpcf7_unit_tag\" value=\"wpcf7-f104-o1\" \/><input type=\"hidden\" name=\"_wpcf7_container_post\" value=\"0\" \/><input type=\"hidden\" name=\"_wpcf7_posted_data_hash\" value=\"\" \/>\n<\/fieldset>\n<p><label> Ihr Name<br \/>\n<span class=\"wpcf7-form-control-wrap\" data-name=\"your-name\"><input size=\"40\" maxlength=\"400\" class=\"wpcf7-form-control wpcf7-text wpcf7-validates-as-required\" autocomplete=\"name\" aria-required=\"true\" aria-invalid=\"false\" value=\"\" type=\"text\" name=\"your-name\" \/><\/span> <\/label>\n<\/p>\n<p><label> Ihre E-Mail-Adresse<br \/>\n<span class=\"wpcf7-form-control-wrap\" data-name=\"your-email\"><input size=\"40\" maxlength=\"400\" class=\"wpcf7-form-control wpcf7-email wpcf7-validates-as-required wpcf7-text wpcf7-validates-as-email\" autocomplete=\"email\" aria-required=\"true\" aria-invalid=\"false\" value=\"\" type=\"email\" name=\"your-email\" \/><\/span> <\/label><br \/>\n<label> Telefonnummer f\u00fcr R\u00fcckruf<br \/>\n<span class=\"wpcf7-form-control-wrap\" data-name=\"tel-177\"><input size=\"40\" maxlength=\"400\" class=\"wpcf7-form-control wpcf7-tel wpcf7-validates-as-required wpcf7-text wpcf7-validates-as-tel\" aria-required=\"true\" aria-invalid=\"false\" value=\"\" type=\"tel\" name=\"tel-177\" \/><\/span> <\/label>\n<\/p>\n<p><label> auf welche Stelle bewerben Sie sich<br \/>\n<span class=\"wpcf7-form-control-wrap\" data-name=\"menu-32\"><select class=\"wpcf7-form-control wpcf7-select\" aria-invalid=\"false\" name=\"menu-32\"><option value=\"\">&#8211; Bitte ausw\u00e4hlen &#8211;<\/option><option value=\"Initiativbewerbung\">Initiativbewerbung<\/option><option value=\"Softwareentwickler\">Softwareentwickler<\/option><option value=\"Technische Projektassistenz\">Technische Projektassistenz<\/option><\/select><\/span> <\/label>\n<\/p>\n<p><label> Ihre Nachricht (optional)<br \/>\n<span class=\"wpcf7-form-control-wrap\" data-name=\"your-message\"><textarea cols=\"40\" rows=\"10\" maxlength=\"2000\" class=\"wpcf7-form-control wpcf7-textarea\" aria-invalid=\"false\" name=\"your-message\"><\/textarea><\/span> <\/label>\n<\/p>\n<p><span class=\"wpcf7-form-control-wrap\" data-name=\"acceptance-108\"><span class=\"wpcf7-form-control wpcf7-acceptance\"><span class=\"wpcf7-list-item\"><label><input type=\"checkbox\" name=\"acceptance-108\" value=\"1\" aria-invalid=\"false\" \/><span class=\"wpcf7-list-item-label\">Ich habe die <a href=\"https:\/\/xicron.de\/de\/datenschutzerklaerung\/\" target=\"_blank\">Datenschutzerkl\u00e4rung gelesen.<\/a><\/span><\/label><\/span><\/span><\/span>\n<\/p>\n<p><input class=\"wpcf7-form-control wpcf7-submit has-spinner\" type=\"submit\" value=\"Senden\" \/>\n<\/p><div class=\"wpcf7-response-output\" aria-hidden=\"true\"><\/div>\n<\/form>\n<\/div>\n\n<\/div>\n<\/div>\n\n\n\n<p><\/p>\n","protected":false},"excerpt":{"rendered":"","protected":false},"author":1,"featured_media":0,"parent":0,"menu_order":0,"comment_status":"closed","ping_status":"closed","template":"","meta":{"inline_featured_image":false,"footnotes":""},"class_list":["post-82","page","type-page","status-publish","hentry"],"yoast_head":"<!-- This site is optimized with the Yoast SEO plugin v27.4 - https:\/\/yoast.com\/product\/yoast-seo-wordpress\/ -->\n<title>Jobs - xicron GmbH<\/title>\n<meta name=\"description\" content=\"Maschinenbau, R\u00f6ntgen, R\u00f6ntgeninspektion, F\u00fcllmengenkontrolle, Fremdk\u00f6rperdetektion, inline, Qualit\u00e4tskontrolle, L\u00f6tstellen, Konzeption, CAD, Elektroplanung, Software\" \/>\n<meta name=\"robots\" content=\"index, follow, max-snippet:-1, max-image-preview:large, max-video-preview:-1\" \/>\n<link rel=\"canonical\" href=\"https:\/\/xicron.de\/de\/jobs\/\" \/>\n<meta property=\"og:locale\" content=\"de_DE\" \/>\n<meta property=\"og:type\" content=\"article\" \/>\n<meta property=\"og:title\" content=\"Jobs - xicron GmbH\" \/>\n<meta property=\"og:description\" content=\"Maschinenbau, R\u00f6ntgen, R\u00f6ntgeninspektion, F\u00fcllmengenkontrolle, Fremdk\u00f6rperdetektion, inline, Qualit\u00e4tskontrolle, L\u00f6tstellen, Konzeption, CAD, Elektroplanung, Software\" \/>\n<meta property=\"og:url\" content=\"https:\/\/xicron.de\/de\/jobs\/\" \/>\n<meta property=\"og:site_name\" content=\"xicron GmbH\" \/>\n<meta property=\"article:modified_time\" content=\"2025-03-18T12:28:33+00:00\" \/>\n<meta name=\"twitter:card\" content=\"summary_large_image\" \/>\n<meta name=\"twitter:label1\" content=\"Gesch\u00e4tzte Lesezeit\" \/>\n\t<meta name=\"twitter:data1\" content=\"1\u00a0Minute\" \/>\n<script type=\"application\/ld+json\" class=\"yoast-schema-graph\">{\"@context\":\"https:\\\/\\\/schema.org\",\"@graph\":[{\"@type\":\"WebPage\",\"@id\":\"https:\\\/\\\/xicron.de\\\/de\\\/jobs\\\/\",\"url\":\"https:\\\/\\\/xicron.de\\\/de\\\/jobs\\\/\",\"name\":\"Jobs - xicron GmbH\",\"isPartOf\":{\"@id\":\"https:\\\/\\\/xicron.de\\\/de\\\/#website\"},\"datePublished\":\"2024-08-12T12:21:44+00:00\",\"dateModified\":\"2025-03-18T12:28:33+00:00\",\"description\":\"Maschinenbau, R\u00f6ntgen, R\u00f6ntgeninspektion, F\u00fcllmengenkontrolle, Fremdk\u00f6rperdetektion, inline, Qualit\u00e4tskontrolle, L\u00f6tstellen, Konzeption, CAD, Elektroplanung, Software\",\"breadcrumb\":{\"@id\":\"https:\\\/\\\/xicron.de\\\/de\\\/jobs\\\/#breadcrumb\"},\"inLanguage\":\"de\",\"potentialAction\":[{\"@type\":\"ReadAction\",\"target\":[\"https:\\\/\\\/xicron.de\\\/de\\\/jobs\\\/\"]}]},{\"@type\":\"BreadcrumbList\",\"@id\":\"https:\\\/\\\/xicron.de\\\/de\\\/jobs\\\/#breadcrumb\",\"itemListElement\":[{\"@type\":\"ListItem\",\"position\":1,\"name\":\"Startseite\",\"item\":\"https:\\\/\\\/xicron.de\\\/de\\\/\"},{\"@type\":\"ListItem\",\"position\":2,\"name\":\"Jobs\"}]},{\"@type\":\"WebSite\",\"@id\":\"https:\\\/\\\/xicron.de\\\/de\\\/#website\",\"url\":\"https:\\\/\\\/xicron.de\\\/de\\\/\",\"name\":\"Xicron GmbH\",\"description\":\"measure the hidden\",\"publisher\":{\"@id\":\"https:\\\/\\\/xicron.de\\\/de\\\/#organization\"},\"potentialAction\":[{\"@type\":\"SearchAction\",\"target\":{\"@type\":\"EntryPoint\",\"urlTemplate\":\"https:\\\/\\\/xicron.de\\\/de\\\/?s={search_term_string}\"},\"query-input\":{\"@type\":\"PropertyValueSpecification\",\"valueRequired\":true,\"valueName\":\"search_term_string\"}}],\"inLanguage\":\"de\"},{\"@type\":\"Organization\",\"@id\":\"https:\\\/\\\/xicron.de\\\/de\\\/#organization\",\"name\":\"Xicron GmbH\",\"url\":\"https:\\\/\\\/xicron.de\\\/de\\\/\",\"logo\":{\"@type\":\"ImageObject\",\"inLanguage\":\"de\",\"@id\":\"https:\\\/\\\/xicron.de\\\/de\\\/#\\\/schema\\\/logo\\\/image\\\/\",\"url\":\"https:\\\/\\\/xicron.de\\\/de\\\/wp-content\\\/uploads\\\/2024\\\/08\\\/Xicron.png\",\"contentUrl\":\"https:\\\/\\\/xicron.de\\\/de\\\/wp-content\\\/uploads\\\/2024\\\/08\\\/Xicron.png\",\"width\":1673,\"height\":780,\"caption\":\"Xicron GmbH\"},\"image\":{\"@id\":\"https:\\\/\\\/xicron.de\\\/de\\\/#\\\/schema\\\/logo\\\/image\\\/\"}}]}<\/script>\n<!-- \/ Yoast SEO plugin. -->","yoast_head_json":{"title":"Jobs - xicron GmbH","description":"Maschinenbau, R\u00f6ntgen, R\u00f6ntgeninspektion, F\u00fcllmengenkontrolle, Fremdk\u00f6rperdetektion, inline, Qualit\u00e4tskontrolle, L\u00f6tstellen, Konzeption, CAD, Elektroplanung, Software","robots":{"index":"index","follow":"follow","max-snippet":"max-snippet:-1","max-image-preview":"max-image-preview:large","max-video-preview":"max-video-preview:-1"},"canonical":"https:\/\/xicron.de\/de\/jobs\/","og_locale":"de_DE","og_type":"article","og_title":"Jobs - xicron GmbH","og_description":"Maschinenbau, R\u00f6ntgen, R\u00f6ntgeninspektion, F\u00fcllmengenkontrolle, Fremdk\u00f6rperdetektion, inline, Qualit\u00e4tskontrolle, L\u00f6tstellen, Konzeption, CAD, Elektroplanung, Software","og_url":"https:\/\/xicron.de\/de\/jobs\/","og_site_name":"xicron GmbH","article_modified_time":"2025-03-18T12:28:33+00:00","twitter_card":"summary_large_image","twitter_misc":{"Gesch\u00e4tzte Lesezeit":"1\u00a0Minute"},"schema":{"@context":"https:\/\/schema.org","@graph":[{"@type":"WebPage","@id":"https:\/\/xicron.de\/de\/jobs\/","url":"https:\/\/xicron.de\/de\/jobs\/","name":"Jobs - xicron GmbH","isPartOf":{"@id":"https:\/\/xicron.de\/de\/#website"},"datePublished":"2024-08-12T12:21:44+00:00","dateModified":"2025-03-18T12:28:33+00:00","description":"Maschinenbau, R\u00f6ntgen, R\u00f6ntgeninspektion, F\u00fcllmengenkontrolle, Fremdk\u00f6rperdetektion, inline, Qualit\u00e4tskontrolle, L\u00f6tstellen, Konzeption, CAD, Elektroplanung, Software","breadcrumb":{"@id":"https:\/\/xicron.de\/de\/jobs\/#breadcrumb"},"inLanguage":"de","potentialAction":[{"@type":"ReadAction","target":["https:\/\/xicron.de\/de\/jobs\/"]}]},{"@type":"BreadcrumbList","@id":"https:\/\/xicron.de\/de\/jobs\/#breadcrumb","itemListElement":[{"@type":"ListItem","position":1,"name":"Startseite","item":"https:\/\/xicron.de\/de\/"},{"@type":"ListItem","position":2,"name":"Jobs"}]},{"@type":"WebSite","@id":"https:\/\/xicron.de\/de\/#website","url":"https:\/\/xicron.de\/de\/","name":"Xicron GmbH","description":"measure the hidden","publisher":{"@id":"https:\/\/xicron.de\/de\/#organization"},"potentialAction":[{"@type":"SearchAction","target":{"@type":"EntryPoint","urlTemplate":"https:\/\/xicron.de\/de\/?s={search_term_string}"},"query-input":{"@type":"PropertyValueSpecification","valueRequired":true,"valueName":"search_term_string"}}],"inLanguage":"de"},{"@type":"Organization","@id":"https:\/\/xicron.de\/de\/#organization","name":"Xicron GmbH","url":"https:\/\/xicron.de\/de\/","logo":{"@type":"ImageObject","inLanguage":"de","@id":"https:\/\/xicron.de\/de\/#\/schema\/logo\/image\/","url":"https:\/\/xicron.de\/de\/wp-content\/uploads\/2024\/08\/Xicron.png","contentUrl":"https:\/\/xicron.de\/de\/wp-content\/uploads\/2024\/08\/Xicron.png","width":1673,"height":780,"caption":"Xicron GmbH"},"image":{"@id":"https:\/\/xicron.de\/de\/#\/schema\/logo\/image\/"}}]}},"_links":{"self":[{"href":"https:\/\/xicron.de\/de\/wp-json\/wp\/v2\/pages\/82","targetHints":{"allow":["GET"]}}],"collection":[{"href":"https:\/\/xicron.de\/de\/wp-json\/wp\/v2\/pages"}],"about":[{"href":"https:\/\/xicron.de\/de\/wp-json\/wp\/v2\/types\/page"}],"author":[{"embeddable":true,"href":"https:\/\/xicron.de\/de\/wp-json\/wp\/v2\/users\/1"}],"replies":[{"embeddable":true,"href":"https:\/\/xicron.de\/de\/wp-json\/wp\/v2\/comments?post=82"}],"version-history":[{"count":19,"href":"https:\/\/xicron.de\/de\/wp-json\/wp\/v2\/pages\/82\/revisions"}],"predecessor-version":[{"id":942,"href":"https:\/\/xicron.de\/de\/wp-json\/wp\/v2\/pages\/82\/revisions\/942"}],"wp:attachment":[{"href":"https:\/\/xicron.de\/de\/wp-json\/wp\/v2\/media?parent=82"}],"curies":[{"name":"wp","href":"https:\/\/api.w.org\/{rel}","templated":true}]}}