{"id":905,"date":"2024-08-26T09:41:12","date_gmt":"2024-08-26T07:41:12","guid":{"rendered":"https:\/\/xicron.de\/de\/?page_id=905"},"modified":"2025-03-28T14:36:19","modified_gmt":"2025-03-28T13:36:19","slug":"pipeline","status":"publish","type":"page","link":"https:\/\/xicron.de\/de\/pipeline\/","title":{"rendered":"Pipeline"},"content":{"rendered":"\n<div class=\"wp-block-group alignfull has-quinary-background-color has-background has-global-padding is-layout-constrained wp-container-core-group-is-layout-46044f76 wp-block-group-is-layout-constrained\" style=\"padding-right:var(--wp--preset--spacing--xx-small);padding-left:var(--wp--preset--spacing--xx-small)\">\n<div class=\"wp-block-group pind-container has-background-background-color has-background is-vertical is-content-justification-center is-layout-flex wp-container-core-group-is-layout-ce155fab wp-block-group-is-layout-flex\" style=\"border-radius:10px\">\n<h2 class=\"wp-block-heading has-primary-color has-text-color has-link-color wp-elements-bbb57989c05dda6e83ed069f26368709\">Pipeline Inspektion<\/h2>\n\n\n\n<div class=\"wp-block-columns are-vertically-aligned-center is-layout-flex wp-container-core-columns-is-layout-63579999 wp-block-columns-is-layout-flex\" style=\"border-style:none;border-width:0px;border-radius:0px;padding-top:var(--wp--preset--spacing--xx-small);padding-right:var(--wp--preset--spacing--xx-small);padding-bottom:var(--wp--preset--spacing--xx-small);padding-left:var(--wp--preset--spacing--xx-small)\">\n<div class=\"wp-block-column is-vertically-aligned-center is-layout-flow wp-block-column-is-layout-flow\" id=\"scroll-section\">\n<div class=\"wp-block-group first-container has-global-padding is-layout-constrained wp-block-group-is-layout-constrained\">\n<figure class=\"wp-block-image aligncenter size-large is-resized\"><img decoding=\"async\" src=\"https:\/\/xicron.de\/scrollup.svg\" alt=\"Computermaus die zum Scrollen animiert.\" style=\"aspect-ratio:1;width:60px\"\/><\/figure>\n<\/div>\n\n\n\n<p class=\"scroll-container\" style=\"margin-top:0;margin-right:0;margin-bottom:0;margin-left:0;padding-top:0;padding-bottom:0\">Zunehmend dynamischere Ver\u00e4nderungen unserer Umwelt erfordern L\u00f6sungen, um lebenswichtige Ressourcen schnell und effektiv bereitzustellen. Dabei spielt Wasser eine zentrale Rolle. Aktuelle Infrastruktur Technologie Entwicklungen arbeiten daran, diese Dynamik auch im Fertigungsprozess widerzuspiegeln. Die xicron R\u00f6ntgen Inspektionsl\u00f6sungen helfen dabei, den Fertigungsprozess sicher und effizient zu gestalten.<\/p>\n\n\n\n<p class=\"scroll-container\">Die hochaufl\u00f6senden xicron Inline R\u00f6ntgenscanner vermessen die Wandst\u00e4rke, \u00fcberwachen die Wandung auf Lufteinschl\u00fcsse und Delaminierung und erm\u00f6glichen im Closed Loop die Fertigungsparameter nachzusteuern, um eine gleichbleibende Fertigungsqualit\u00e4t abzusichern.<\/p>\n\n\n\n<p class=\"scroll-container\">Im xicron High Speed Pipeline Scanner ist die R\u00f6ntgenbildkette auf einer Rotationseinheit integriert. Die echtzeitf\u00e4hige kontaktlose Daten\u00fcbertragung erm\u00f6glicht dabei eine kontinuierlich Bildaufnahme. Die Synchronisation von Vorschub und Rotation garantieren eine l\u00fcckenlose \u00dcberwachung der Fertigungsqualit\u00e4t. Bei Bedarf k\u00f6nnen die Wandvolumen rekonstruiert, vermessen und \u00fcberwacht werden.<\/p>\n\n\n\n<p class=\"scroll-container\">Individueller Durchmesser, Geschwindigkeit, Wandaufbau, geschaffen f\u00fcr einen spezialisierten Einsatzzweck, so individuell wie Ihr Produkt werden die xicron R\u00f6ntgen Inspektionssysteme passgenau auf Ihre Anforderungen optimiert. Wir bei xicron helfen Ihnen, Ihre Produkte sicher und den Fertigungsprozess effizient zu gestalten.<\/p>\n<\/div>\n\n\n\n<div class=\"wp-block-column is-vertically-aligned-center is-layout-flow wp-block-column-is-layout-flow\">\n<figure class=\"wp-block-video\"><video height=\"500\" style=\"aspect-ratio: 500 \/ 500;\" width=\"500\" autoplay src=\"https:\/\/xicron.de\/de\/wp-content\/uploads\/2025\/03\/Purapipe_animation.mp4\"><\/video><\/figure>\n<\/div>\n<\/div>\n<\/div>\n<\/div>\n\n\n<script>document.addEventListener(\"DOMContentLoaded\", function(event){\r\n});\r\nconst start = window.innerHeight > 1000 ? \"top 110\" : \"center center\";\r\n\r\nconst coolVideo = document.querySelector(\"video\");\r\n\/\/coolVideo.removeAttribute(\"autoplay\");\r\ncoolVideo.currentTime = 0;\r\ncoolVideo.pause();\r\n\r\nvar tl = gsap.timeline({\r\n\tscrollTrigger: {\r\n\t\tscrub: true,\r\n\t\tpin: \".pind-container\",\r\n\t\tstart: start,\r\n\t\tend: \"500%\",\r\n\t\tmarkers: false\r\n\t},\r\n})\r\n\r\ntl.add('start');\r\n\r\ncoolVideo.onloadedmetadata = function () {\r\n  tl.to(\r\n    coolVideo,\r\n    { currentTime: coolVideo.duration, duration: () => tl.duration() },\r\n    'start'\r\n  );\r\n};\r\n\r\ntl.to('.scroll-container', {\r\n\t  autoAlpha: 1,\r\n\t  stagger: 0.2,\r\n\t  duration: 0.1,\r\n\t  }, 'start');<\/script>\n","protected":false},"excerpt":{"rendered":"<p>Pipeline Inspektion Zunehmend dynamischere Ver\u00e4nderungen unserer Umwelt erfordern L\u00f6sungen, um lebenswichtige Ressourcen schnell und effektiv bereitzustellen. Dabei spielt Wasser eine zentrale Rolle. Aktuelle Infrastruktur Technologie Entwicklungen arbeiten daran, diese Dynamik auch im Fertigungsprozess widerzuspiegeln. Die xicron R\u00f6ntgen Inspektionsl\u00f6sungen helfen dabei, den Fertigungsprozess sicher und effizient zu gestalten. Die hochaufl\u00f6senden xicron Inline R\u00f6ntgenscanner vermessen die Wandst\u00e4rke, [&hellip;]<\/p>\n","protected":false},"author":1,"featured_media":0,"parent":0,"menu_order":0,"comment_status":"closed","ping_status":"closed","template":"","meta":{"inline_featured_image":false,"footnotes":""},"class_list":["post-905","page","type-page","status-publish","hentry"],"yoast_head":"<!-- This site is optimized with the Yoast SEO plugin v27.5 - https:\/\/yoast.com\/product\/yoast-seo-wordpress\/ -->\n<title>Pipeline - xicron GmbH<\/title>\n<meta name=\"description\" content=\"R\u00f6ntgen, F\u00fcllmengenkontrolle, Fremdk\u00f6rperdetektion, inline, Qualit\u00e4tskontrolle, L\u00f6tstellen, Maschinenbau, Konzeption, CAD, Elektroplanung, Software, CT, Pipeline\" \/>\n<meta name=\"robots\" content=\"index, follow, max-snippet:-1, max-image-preview:large, max-video-preview:-1\" \/>\n<link rel=\"canonical\" href=\"https:\/\/xicron.de\/de\/pipeline\/\" \/>\n<meta property=\"og:locale\" content=\"de_DE\" \/>\n<meta property=\"og:type\" content=\"article\" \/>\n<meta property=\"og:title\" content=\"Pipeline - xicron GmbH\" \/>\n<meta property=\"og:description\" content=\"R\u00f6ntgen, F\u00fcllmengenkontrolle, Fremdk\u00f6rperdetektion, inline, Qualit\u00e4tskontrolle, L\u00f6tstellen, Maschinenbau, Konzeption, CAD, Elektroplanung, Software, CT, Pipeline\" \/>\n<meta property=\"og:url\" content=\"https:\/\/xicron.de\/de\/pipeline\/\" \/>\n<meta property=\"og:site_name\" content=\"xicron GmbH\" \/>\n<meta property=\"article:modified_time\" content=\"2025-03-28T13:36:19+00:00\" \/>\n<meta name=\"twitter:card\" content=\"summary_large_image\" \/>\n<meta name=\"twitter:label1\" content=\"Gesch\u00e4tzte Lesezeit\" \/>\n\t<meta name=\"twitter:data1\" content=\"2\u00a0Minuten\" \/>\n<script type=\"application\/ld+json\" class=\"yoast-schema-graph\">{\"@context\":\"https:\\\/\\\/schema.org\",\"@graph\":[{\"@type\":\"WebPage\",\"@id\":\"https:\\\/\\\/xicron.de\\\/de\\\/pipeline\\\/\",\"url\":\"https:\\\/\\\/xicron.de\\\/de\\\/pipeline\\\/\",\"name\":\"Pipeline - xicron GmbH\",\"isPartOf\":{\"@id\":\"https:\\\/\\\/xicron.de\\\/de\\\/#website\"},\"datePublished\":\"2024-08-26T07:41:12+00:00\",\"dateModified\":\"2025-03-28T13:36:19+00:00\",\"description\":\"R\u00f6ntgen, F\u00fcllmengenkontrolle, Fremdk\u00f6rperdetektion, inline, Qualit\u00e4tskontrolle, L\u00f6tstellen, Maschinenbau, Konzeption, CAD, Elektroplanung, Software, CT, Pipeline\",\"breadcrumb\":{\"@id\":\"https:\\\/\\\/xicron.de\\\/de\\\/pipeline\\\/#breadcrumb\"},\"inLanguage\":\"de\",\"potentialAction\":[{\"@type\":\"ReadAction\",\"target\":[\"https:\\\/\\\/xicron.de\\\/de\\\/pipeline\\\/\"]}]},{\"@type\":\"BreadcrumbList\",\"@id\":\"https:\\\/\\\/xicron.de\\\/de\\\/pipeline\\\/#breadcrumb\",\"itemListElement\":[{\"@type\":\"ListItem\",\"position\":1,\"name\":\"Startseite\",\"item\":\"https:\\\/\\\/xicron.de\\\/de\\\/\"},{\"@type\":\"ListItem\",\"position\":2,\"name\":\"Pipeline\"}]},{\"@type\":\"WebSite\",\"@id\":\"https:\\\/\\\/xicron.de\\\/de\\\/#website\",\"url\":\"https:\\\/\\\/xicron.de\\\/de\\\/\",\"name\":\"Xicron GmbH\",\"description\":\"measure the hidden\",\"publisher\":{\"@id\":\"https:\\\/\\\/xicron.de\\\/de\\\/#organization\"},\"potentialAction\":[{\"@type\":\"SearchAction\",\"target\":{\"@type\":\"EntryPoint\",\"urlTemplate\":\"https:\\\/\\\/xicron.de\\\/de\\\/?s={search_term_string}\"},\"query-input\":{\"@type\":\"PropertyValueSpecification\",\"valueRequired\":true,\"valueName\":\"search_term_string\"}}],\"inLanguage\":\"de\"},{\"@type\":\"Organization\",\"@id\":\"https:\\\/\\\/xicron.de\\\/de\\\/#organization\",\"name\":\"Xicron GmbH\",\"url\":\"https:\\\/\\\/xicron.de\\\/de\\\/\",\"logo\":{\"@type\":\"ImageObject\",\"inLanguage\":\"de\",\"@id\":\"https:\\\/\\\/xicron.de\\\/de\\\/#\\\/schema\\\/logo\\\/image\\\/\",\"url\":\"https:\\\/\\\/xicron.de\\\/de\\\/wp-content\\\/uploads\\\/2024\\\/08\\\/Xicron.png\",\"contentUrl\":\"https:\\\/\\\/xicron.de\\\/de\\\/wp-content\\\/uploads\\\/2024\\\/08\\\/Xicron.png\",\"width\":1673,\"height\":780,\"caption\":\"Xicron GmbH\"},\"image\":{\"@id\":\"https:\\\/\\\/xicron.de\\\/de\\\/#\\\/schema\\\/logo\\\/image\\\/\"}}]}<\/script>\n<!-- \/ Yoast SEO plugin. -->","yoast_head_json":{"title":"Pipeline - xicron GmbH","description":"R\u00f6ntgen, F\u00fcllmengenkontrolle, Fremdk\u00f6rperdetektion, inline, Qualit\u00e4tskontrolle, L\u00f6tstellen, Maschinenbau, Konzeption, CAD, Elektroplanung, Software, CT, Pipeline","robots":{"index":"index","follow":"follow","max-snippet":"max-snippet:-1","max-image-preview":"max-image-preview:large","max-video-preview":"max-video-preview:-1"},"canonical":"https:\/\/xicron.de\/de\/pipeline\/","og_locale":"de_DE","og_type":"article","og_title":"Pipeline - xicron GmbH","og_description":"R\u00f6ntgen, F\u00fcllmengenkontrolle, Fremdk\u00f6rperdetektion, inline, Qualit\u00e4tskontrolle, L\u00f6tstellen, Maschinenbau, Konzeption, CAD, Elektroplanung, Software, CT, Pipeline","og_url":"https:\/\/xicron.de\/de\/pipeline\/","og_site_name":"xicron GmbH","article_modified_time":"2025-03-28T13:36:19+00:00","twitter_card":"summary_large_image","twitter_misc":{"Gesch\u00e4tzte Lesezeit":"2\u00a0Minuten"},"schema":{"@context":"https:\/\/schema.org","@graph":[{"@type":"WebPage","@id":"https:\/\/xicron.de\/de\/pipeline\/","url":"https:\/\/xicron.de\/de\/pipeline\/","name":"Pipeline - xicron GmbH","isPartOf":{"@id":"https:\/\/xicron.de\/de\/#website"},"datePublished":"2024-08-26T07:41:12+00:00","dateModified":"2025-03-28T13:36:19+00:00","description":"R\u00f6ntgen, F\u00fcllmengenkontrolle, Fremdk\u00f6rperdetektion, inline, Qualit\u00e4tskontrolle, L\u00f6tstellen, Maschinenbau, Konzeption, CAD, Elektroplanung, Software, CT, Pipeline","breadcrumb":{"@id":"https:\/\/xicron.de\/de\/pipeline\/#breadcrumb"},"inLanguage":"de","potentialAction":[{"@type":"ReadAction","target":["https:\/\/xicron.de\/de\/pipeline\/"]}]},{"@type":"BreadcrumbList","@id":"https:\/\/xicron.de\/de\/pipeline\/#breadcrumb","itemListElement":[{"@type":"ListItem","position":1,"name":"Startseite","item":"https:\/\/xicron.de\/de\/"},{"@type":"ListItem","position":2,"name":"Pipeline"}]},{"@type":"WebSite","@id":"https:\/\/xicron.de\/de\/#website","url":"https:\/\/xicron.de\/de\/","name":"Xicron GmbH","description":"measure the hidden","publisher":{"@id":"https:\/\/xicron.de\/de\/#organization"},"potentialAction":[{"@type":"SearchAction","target":{"@type":"EntryPoint","urlTemplate":"https:\/\/xicron.de\/de\/?s={search_term_string}"},"query-input":{"@type":"PropertyValueSpecification","valueRequired":true,"valueName":"search_term_string"}}],"inLanguage":"de"},{"@type":"Organization","@id":"https:\/\/xicron.de\/de\/#organization","name":"Xicron GmbH","url":"https:\/\/xicron.de\/de\/","logo":{"@type":"ImageObject","inLanguage":"de","@id":"https:\/\/xicron.de\/de\/#\/schema\/logo\/image\/","url":"https:\/\/xicron.de\/de\/wp-content\/uploads\/2024\/08\/Xicron.png","contentUrl":"https:\/\/xicron.de\/de\/wp-content\/uploads\/2024\/08\/Xicron.png","width":1673,"height":780,"caption":"Xicron GmbH"},"image":{"@id":"https:\/\/xicron.de\/de\/#\/schema\/logo\/image\/"}}]}},"_links":{"self":[{"href":"https:\/\/xicron.de\/de\/wp-json\/wp\/v2\/pages\/905","targetHints":{"allow":["GET"]}}],"collection":[{"href":"https:\/\/xicron.de\/de\/wp-json\/wp\/v2\/pages"}],"about":[{"href":"https:\/\/xicron.de\/de\/wp-json\/wp\/v2\/types\/page"}],"author":[{"embeddable":true,"href":"https:\/\/xicron.de\/de\/wp-json\/wp\/v2\/users\/1"}],"replies":[{"embeddable":true,"href":"https:\/\/xicron.de\/de\/wp-json\/wp\/v2\/comments?post=905"}],"version-history":[{"count":15,"href":"https:\/\/xicron.de\/de\/wp-json\/wp\/v2\/pages\/905\/revisions"}],"predecessor-version":[{"id":2788,"href":"https:\/\/xicron.de\/de\/wp-json\/wp\/v2\/pages\/905\/revisions\/2788"}],"wp:attachment":[{"href":"https:\/\/xicron.de\/de\/wp-json\/wp\/v2\/media?parent=905"}],"curies":[{"name":"wp","href":"https:\/\/api.w.org\/{rel}","templated":true}]}}