{"id":905,"date":"2024-08-26T09:41:12","date_gmt":"2024-08-26T07:41:12","guid":{"rendered":"https:\/\/xicron.de\/en\/?page_id=905"},"modified":"2025-03-18T14:19:33","modified_gmt":"2025-03-18T13:19:33","slug":"pipeline","status":"publish","type":"page","link":"https:\/\/xicron.de\/en\/pipeline\/","title":{"rendered":"Pipeline"},"content":{"rendered":"\n<div class=\"wp-block-group alignfull has-quinary-background-color has-background has-global-padding is-layout-constrained wp-container-core-group-is-layout-46044f76 wp-block-group-is-layout-constrained\" style=\"padding-right:var(--wp--preset--spacing--xx-small);padding-left:var(--wp--preset--spacing--xx-small)\">\n<div class=\"wp-block-group pind-container has-background-background-color has-background is-vertical is-content-justification-center is-layout-flex wp-container-core-group-is-layout-ce155fab wp-block-group-is-layout-flex\" style=\"border-radius:10px\">\n<h2 class=\"wp-block-heading has-primary-color has-text-color has-link-color wp-elements-cd08bfa1a12211c805d05db5b5d987c2\">Pipeline inspection<\/h2>\n\n\n\n<div class=\"wp-block-columns are-vertically-aligned-center is-layout-flex wp-container-core-columns-is-layout-63579999 wp-block-columns-is-layout-flex\" style=\"border-style:none;border-width:0px;border-radius:0px;padding-top:var(--wp--preset--spacing--xx-small);padding-right:var(--wp--preset--spacing--xx-small);padding-bottom:var(--wp--preset--spacing--xx-small);padding-left:var(--wp--preset--spacing--xx-small)\">\n<div class=\"wp-block-column is-vertically-aligned-center is-layout-flow wp-block-column-is-layout-flow\" id=\"scroll-section\">\n<div class=\"wp-block-group first-container has-global-padding is-layout-constrained wp-block-group-is-layout-constrained\">\n<figure class=\"wp-block-image aligncenter size-large is-resized\"><img decoding=\"async\" src=\"https:\/\/xicron.de\/scrollup.svg\" alt=\"Computermaus die zum Scrollen animiert.\" style=\"aspect-ratio:1;width:60px\"\/><\/figure>\n<\/div>\n\n\n\n<p class=\"scroll-container\" style=\"margin-top:0;margin-right:0;margin-bottom:0;margin-left:0;padding-top:0;padding-bottom:0\">Increasingly dynamic changes in our environment require solutions that provide vital resources quickly and effectively. Water plays a key role in this. Current infrastructure technology developments are working to reflect this dynamic in the manufacturing process. The xicron X-ray inspection solutions help make the manufacturing process safe and efficient.<\/p>\n\n\n\n<p class=\"scroll-container\">The high-resolution xicron inline X-ray scanners measure the wall thickness, monitor the wall for air inclusions and delamination, and enable the production parameters to be adjusted in a closed loop to ensure consistent production quality.<\/p>\n\n\n\n<p class=\"scroll-container\">The xicron High Speed \u200b\u200bPipeline Scanner integrates the X-ray imaging chain into a rotation unit. Real-time, contactless data transmission enables continuous image acquisition. Synchronization of feed and rotation ensures seamless monitoring of production quality. If necessary, the wall volumes can be reconstructed, measured, and monitored.<\/p>\n\n\n\n<p class=\"scroll-container\">Custom diameters, speeds, and wall structures, designed for a specialized application\u2014xicron X-ray inspection systems are as unique as your product, and are precisely optimized to meet your requirements. At xicron, we help you design your products safely and your manufacturing process efficiently.<\/p>\n<\/div>\n\n\n\n<div class=\"wp-block-column is-vertically-aligned-center is-layout-flow wp-block-column-is-layout-flow\">\n<figure class=\"wp-block-video\"><video height=\"500\" style=\"aspect-ratio: 500 \/ 500;\" width=\"500\" autoplay src=\"https:\/\/xicron.de\/en\/wp-content\/uploads\/2025\/03\/Purapipe_animation.mp4\"><\/video><\/figure>\n<\/div>\n<\/div>\n<\/div>\n<\/div>\n\n\n<script>document.addEventListener(\"DOMContentLoaded\", function(event){\r\n});\r\nconst start = window.innerHeight > 1000 ? \"top 110\" : \"center center\";\r\n\r\nconst coolVideo = document.querySelector(\"video\");\r\n\/\/coolVideo.removeAttribute(\"autoplay\");\r\ncoolVideo.currentTime = 0;\r\ncoolVideo.pause();\r\n\r\nvar tl = gsap.timeline({\r\n\tscrollTrigger: {\r\n\t\tscrub: true,\r\n\t\tpin: \".pind-container\",\r\n\t\tstart: start,\r\n\t\tend: \"500%\",\r\n\t\tmarkers: false\r\n\t},\r\n})\r\n\r\ntl.add('start');\r\n\r\ncoolVideo.onloadedmetadata = function () {\r\n  tl.to(\r\n    coolVideo,\r\n    { currentTime: coolVideo.duration, duration: () => tl.duration() },\r\n    'start'\r\n  );\r\n};\r\n\r\ntl.to('.scroll-container', {\r\n\t  autoAlpha: 1,\r\n\t  stagger: 0.2,\r\n\t  duration: 0.1,\r\n\t  }, 'start');<\/script>\n","protected":false},"excerpt":{"rendered":"<p>Pipeline inspection Increasingly dynamic changes in our environment require solutions that provide vital resources quickly and effectively. Water plays a key role in this. Current infrastructure technology developments are working to reflect this dynamic in the manufacturing process. The xicron X-ray inspection solutions help make the manufacturing process safe and efficient. The high-resolution xicron inline [&hellip;]<\/p>\n","protected":false},"author":1,"featured_media":0,"parent":0,"menu_order":0,"comment_status":"closed","ping_status":"closed","template":"","meta":{"inline_featured_image":false,"footnotes":""},"class_list":["post-905","page","type-page","status-publish","hentry"],"yoast_head":"<!-- This site is optimized with the Yoast SEO plugin v27.4 - https:\/\/yoast.com\/product\/yoast-seo-wordpress\/ -->\n<title>Pipeline - Xicron GmbH<\/title>\n<meta name=\"description\" content=\"R\u00f6ntgen, F\u00fcllmengenkontrolle, Fremdk\u00f6rperdetektion, inline, Qualit\u00e4tskontrolle, L\u00f6tstellen, Maschinenbau, Konzeption, CAD, Elektroplanung, Software, CT, Pipeline\" \/>\n<meta name=\"robots\" content=\"index, follow, max-snippet:-1, max-image-preview:large, max-video-preview:-1\" \/>\n<link rel=\"canonical\" href=\"https:\/\/xicron.de\/en\/pipeline\/\" \/>\n<meta property=\"og:locale\" content=\"en_US\" \/>\n<meta property=\"og:type\" content=\"article\" \/>\n<meta property=\"og:title\" content=\"Pipeline - Xicron GmbH\" \/>\n<meta property=\"og:description\" content=\"R\u00f6ntgen, F\u00fcllmengenkontrolle, Fremdk\u00f6rperdetektion, inline, Qualit\u00e4tskontrolle, L\u00f6tstellen, Maschinenbau, Konzeption, CAD, Elektroplanung, Software, CT, Pipeline\" \/>\n<meta property=\"og:url\" content=\"https:\/\/xicron.de\/en\/pipeline\/\" \/>\n<meta property=\"og:site_name\" content=\"Xicron GmbH\" \/>\n<meta property=\"article:modified_time\" content=\"2025-03-18T13:19:33+00:00\" \/>\n<meta name=\"twitter:card\" content=\"summary_large_image\" \/>\n<meta name=\"twitter:label1\" content=\"Est. reading time\" \/>\n\t<meta name=\"twitter:data1\" content=\"1 minute\" \/>\n<script type=\"application\/ld+json\" class=\"yoast-schema-graph\">{\"@context\":\"https:\\\/\\\/schema.org\",\"@graph\":[{\"@type\":\"WebPage\",\"@id\":\"https:\\\/\\\/xicron.de\\\/en\\\/pipeline\\\/\",\"url\":\"https:\\\/\\\/xicron.de\\\/en\\\/pipeline\\\/\",\"name\":\"Pipeline - Xicron GmbH\",\"isPartOf\":{\"@id\":\"https:\\\/\\\/xicron.de\\\/en\\\/#website\"},\"datePublished\":\"2024-08-26T07:41:12+00:00\",\"dateModified\":\"2025-03-18T13:19:33+00:00\",\"description\":\"R\u00f6ntgen, F\u00fcllmengenkontrolle, Fremdk\u00f6rperdetektion, inline, Qualit\u00e4tskontrolle, L\u00f6tstellen, Maschinenbau, Konzeption, CAD, Elektroplanung, Software, CT, Pipeline\",\"breadcrumb\":{\"@id\":\"https:\\\/\\\/xicron.de\\\/en\\\/pipeline\\\/#breadcrumb\"},\"inLanguage\":\"en-US\",\"potentialAction\":[{\"@type\":\"ReadAction\",\"target\":[\"https:\\\/\\\/xicron.de\\\/en\\\/pipeline\\\/\"]}]},{\"@type\":\"BreadcrumbList\",\"@id\":\"https:\\\/\\\/xicron.de\\\/en\\\/pipeline\\\/#breadcrumb\",\"itemListElement\":[{\"@type\":\"ListItem\",\"position\":1,\"name\":\"Startseite\",\"item\":\"https:\\\/\\\/xicron.de\\\/en\\\/\"},{\"@type\":\"ListItem\",\"position\":2,\"name\":\"Pipeline\"}]},{\"@type\":\"WebSite\",\"@id\":\"https:\\\/\\\/xicron.de\\\/en\\\/#website\",\"url\":\"https:\\\/\\\/xicron.de\\\/en\\\/\",\"name\":\"Xicron GmbH\",\"description\":\"measure the hidden\",\"publisher\":{\"@id\":\"https:\\\/\\\/xicron.de\\\/en\\\/#organization\"},\"potentialAction\":[{\"@type\":\"SearchAction\",\"target\":{\"@type\":\"EntryPoint\",\"urlTemplate\":\"https:\\\/\\\/xicron.de\\\/en\\\/?s={search_term_string}\"},\"query-input\":{\"@type\":\"PropertyValueSpecification\",\"valueRequired\":true,\"valueName\":\"search_term_string\"}}],\"inLanguage\":\"en-US\"},{\"@type\":\"Organization\",\"@id\":\"https:\\\/\\\/xicron.de\\\/en\\\/#organization\",\"name\":\"Xicron GmbH\",\"url\":\"https:\\\/\\\/xicron.de\\\/en\\\/\",\"logo\":{\"@type\":\"ImageObject\",\"inLanguage\":\"en-US\",\"@id\":\"https:\\\/\\\/xicron.de\\\/en\\\/#\\\/schema\\\/logo\\\/image\\\/\",\"url\":\"https:\\\/\\\/xicron.de\\\/en\\\/wp-content\\\/uploads\\\/2024\\\/08\\\/Xicron.png\",\"contentUrl\":\"https:\\\/\\\/xicron.de\\\/en\\\/wp-content\\\/uploads\\\/2024\\\/08\\\/Xicron.png\",\"width\":1673,\"height\":780,\"caption\":\"Xicron GmbH\"},\"image\":{\"@id\":\"https:\\\/\\\/xicron.de\\\/en\\\/#\\\/schema\\\/logo\\\/image\\\/\"}}]}<\/script>\n<!-- \/ Yoast SEO plugin. -->","yoast_head_json":{"title":"Pipeline - Xicron GmbH","description":"R\u00f6ntgen, F\u00fcllmengenkontrolle, Fremdk\u00f6rperdetektion, inline, Qualit\u00e4tskontrolle, L\u00f6tstellen, Maschinenbau, Konzeption, CAD, Elektroplanung, Software, CT, Pipeline","robots":{"index":"index","follow":"follow","max-snippet":"max-snippet:-1","max-image-preview":"max-image-preview:large","max-video-preview":"max-video-preview:-1"},"canonical":"https:\/\/xicron.de\/en\/pipeline\/","og_locale":"en_US","og_type":"article","og_title":"Pipeline - Xicron GmbH","og_description":"R\u00f6ntgen, F\u00fcllmengenkontrolle, Fremdk\u00f6rperdetektion, inline, Qualit\u00e4tskontrolle, L\u00f6tstellen, Maschinenbau, Konzeption, CAD, Elektroplanung, Software, CT, Pipeline","og_url":"https:\/\/xicron.de\/en\/pipeline\/","og_site_name":"Xicron GmbH","article_modified_time":"2025-03-18T13:19:33+00:00","twitter_card":"summary_large_image","twitter_misc":{"Est. reading time":"1 minute"},"schema":{"@context":"https:\/\/schema.org","@graph":[{"@type":"WebPage","@id":"https:\/\/xicron.de\/en\/pipeline\/","url":"https:\/\/xicron.de\/en\/pipeline\/","name":"Pipeline - Xicron GmbH","isPartOf":{"@id":"https:\/\/xicron.de\/en\/#website"},"datePublished":"2024-08-26T07:41:12+00:00","dateModified":"2025-03-18T13:19:33+00:00","description":"R\u00f6ntgen, F\u00fcllmengenkontrolle, Fremdk\u00f6rperdetektion, inline, Qualit\u00e4tskontrolle, L\u00f6tstellen, Maschinenbau, Konzeption, CAD, Elektroplanung, Software, CT, Pipeline","breadcrumb":{"@id":"https:\/\/xicron.de\/en\/pipeline\/#breadcrumb"},"inLanguage":"en-US","potentialAction":[{"@type":"ReadAction","target":["https:\/\/xicron.de\/en\/pipeline\/"]}]},{"@type":"BreadcrumbList","@id":"https:\/\/xicron.de\/en\/pipeline\/#breadcrumb","itemListElement":[{"@type":"ListItem","position":1,"name":"Startseite","item":"https:\/\/xicron.de\/en\/"},{"@type":"ListItem","position":2,"name":"Pipeline"}]},{"@type":"WebSite","@id":"https:\/\/xicron.de\/en\/#website","url":"https:\/\/xicron.de\/en\/","name":"Xicron GmbH","description":"measure the hidden","publisher":{"@id":"https:\/\/xicron.de\/en\/#organization"},"potentialAction":[{"@type":"SearchAction","target":{"@type":"EntryPoint","urlTemplate":"https:\/\/xicron.de\/en\/?s={search_term_string}"},"query-input":{"@type":"PropertyValueSpecification","valueRequired":true,"valueName":"search_term_string"}}],"inLanguage":"en-US"},{"@type":"Organization","@id":"https:\/\/xicron.de\/en\/#organization","name":"Xicron GmbH","url":"https:\/\/xicron.de\/en\/","logo":{"@type":"ImageObject","inLanguage":"en-US","@id":"https:\/\/xicron.de\/en\/#\/schema\/logo\/image\/","url":"https:\/\/xicron.de\/en\/wp-content\/uploads\/2024\/08\/Xicron.png","contentUrl":"https:\/\/xicron.de\/en\/wp-content\/uploads\/2024\/08\/Xicron.png","width":1673,"height":780,"caption":"Xicron GmbH"},"image":{"@id":"https:\/\/xicron.de\/en\/#\/schema\/logo\/image\/"}}]}},"_links":{"self":[{"href":"https:\/\/xicron.de\/en\/wp-json\/wp\/v2\/pages\/905","targetHints":{"allow":["GET"]}}],"collection":[{"href":"https:\/\/xicron.de\/en\/wp-json\/wp\/v2\/pages"}],"about":[{"href":"https:\/\/xicron.de\/en\/wp-json\/wp\/v2\/types\/page"}],"author":[{"embeddable":true,"href":"https:\/\/xicron.de\/en\/wp-json\/wp\/v2\/users\/1"}],"replies":[{"embeddable":true,"href":"https:\/\/xicron.de\/en\/wp-json\/wp\/v2\/comments?post=905"}],"version-history":[{"count":13,"href":"https:\/\/xicron.de\/en\/wp-json\/wp\/v2\/pages\/905\/revisions"}],"predecessor-version":[{"id":2764,"href":"https:\/\/xicron.de\/en\/wp-json\/wp\/v2\/pages\/905\/revisions\/2764"}],"wp:attachment":[{"href":"https:\/\/xicron.de\/en\/wp-json\/wp\/v2\/media?parent=905"}],"curies":[{"name":"wp","href":"https:\/\/api.w.org\/{rel}","templated":true}]}}